{"id":26,"date":"2013-11-21T19:00:33","date_gmt":"2013-11-21T19:00:33","guid":{"rendered":"http:\/\/sites.usp.br\/land\/?page_id=26"},"modified":"2024-03-12T16:11:45","modified_gmt":"2024-03-12T18:11:45","slug":"contato","status":"publish","type":"page","link":"https:\/\/land.icb.usp.br\/en\/contato\/","title":{"rendered":"Contact"},"content":{"rendered":"<div><\/div>\n<div><strong><span style=\"color: #003366;\">Laborat\u00f3rio de Neuroanatomia Funcional da Dor<\/span><\/strong><\/div>\n<div><span style=\"color: #003366;\"><a style=\"color: #003366;\" href=\"http:\/\/www5.usp.br\/\" target=\"_blank\" rel=\"noopener noreferrer\">Universidade de S\u00e3o Paulo<\/a><\/span><\/div>\n<div><span style=\"color: #003366;\"><a style=\"color: #003366;\" href=\"https:\/\/ww2.icb.usp.br\/icb\/biomedicas-iii\/\" target=\"_blank\" rel=\"noopener noreferrer\">Instituto de Ci\u00eancias Biom\u00e9dicas III<\/a><\/span><\/div>\n<div><span style=\"color: #003366;\"><a style=\"color: #003366;\" href=\"http:\/\/www.icb.usp.br\/~anat\/\" target=\"_blank\" rel=\"noopener noreferrer\">Departamento de Anatomia<\/a><\/span><\/div>\n<div><span style=\"color: #003366;\">Av. Professor Lineu Prestes- 2415, sala 007<\/span><\/div>\n<div><span style=\"color: #003366;\">S\u00e3o Paulo- SP, 05508-900- Brasil<\/span><\/div>\n<div><span style=\"color: #003366;\">Telefone: (11) 3091-8452 ou 3091- 7768<\/span><\/div>\n","protected":false},"excerpt":{"rendered":"<p>Laborat\u00f3rio de Neuroanatomia Funcional da Dor Universidade de S\u00e3o Paulo Instituto de Ci\u00eancias Biom\u00e9dicas III Departamento de Anatomia Av. Professor Lineu Prestes- 2415, sala 007 S\u00e3o Paulo- SP, 05508-900- Brasil Telefone: (11) 3091-8452 ou 3091- 7768<\/p>\n","protected":false},"author":1,"featured_media":0,"parent":0,"menu_order":0,"comment_status":"closed","ping_status":"closed","template":"","meta":{"footnotes":"","_links_to":"","_links_to_target":""},"class_list":["post-26","page","type-page","status-publish","hentry"],"_links":{"self":[{"href":"https:\/\/land.icb.usp.br\/en\/wp-json\/wp\/v2\/pages\/26","targetHints":{"allow":["GET"]}}],"collection":[{"href":"https:\/\/land.icb.usp.br\/en\/wp-json\/wp\/v2\/pages"}],"about":[{"href":"https:\/\/land.icb.usp.br\/en\/wp-json\/wp\/v2\/types\/page"}],"author":[{"embeddable":true,"href":"https:\/\/land.icb.usp.br\/en\/wp-json\/wp\/v2\/users\/1"}],"replies":[{"embeddable":true,"href":"https:\/\/land.icb.usp.br\/en\/wp-json\/wp\/v2\/comments?post=26"}],"version-history":[{"count":5,"href":"https:\/\/land.icb.usp.br\/en\/wp-json\/wp\/v2\/pages\/26\/revisions"}],"predecessor-version":[{"id":1495,"href":"https:\/\/land.icb.usp.br\/en\/wp-json\/wp\/v2\/pages\/26\/revisions\/1495"}],"wp:attachment":[{"href":"https:\/\/land.icb.usp.br\/en\/wp-json\/wp\/v2\/media?parent=26"}],"curies":[{"name":"wp","href":"https:\/\/api.w.org\/{rel}","templated":true}]}}