{"id":413,"date":"2017-12-04T13:19:04","date_gmt":"2017-12-04T15:19:04","guid":{"rendered":"http:\/\/sites.usp.br\/land\/?page_id=413"},"modified":"2023-09-27T11:18:48","modified_gmt":"2023-09-27T13:18:48","slug":"parcerias","status":"publish","type":"page","link":"https:\/\/land.icb.usp.br\/en\/parcerias\/","title":{"rendered":"Partnerships"},"content":{"rendered":"<p><img fetchpriority=\"high\" decoding=\"async\" class=\"aligncenter wp-image-1243\" src=\"https:\/\/land.icb.usp.br\/wp-content\/uploads\/sites\/343\/2022\/07\/HEADER-DO-SITE-e1659192497459-1024x246.png\" alt=\"\" width=\"1040\" height=\"249\" srcset=\"https:\/\/land.icb.usp.br\/wp-content\/uploads\/sites\/343\/2022\/07\/HEADER-DO-SITE-e1659192497459-1024x246.png 1024w, https:\/\/land.icb.usp.br\/wp-content\/uploads\/sites\/343\/2022\/07\/HEADER-DO-SITE-e1659192497459-300x72.png 300w, https:\/\/land.icb.usp.br\/wp-content\/uploads\/sites\/343\/2022\/07\/HEADER-DO-SITE-e1659192497459-768x184.png 768w, https:\/\/land.icb.usp.br\/wp-content\/uploads\/sites\/343\/2022\/07\/HEADER-DO-SITE-e1659192497459-400x96.png 400w, https:\/\/land.icb.usp.br\/wp-content\/uploads\/sites\/343\/2022\/07\/HEADER-DO-SITE-e1659192497459.png 1330w\" sizes=\"(max-width: 1040px) 100vw, 1040px\" \/><\/p>\n<table class=\"aligncenter\" style=\"height: 2953px; width: 92.8299%; margin-left: auto; margin-right: auto; border-style: inset; border-color: #c37aff;\" border=\"15\" cellspacing=\"5\" cellpadding=\"5\">\n<tbody>\n<tr style=\"height: 197px; border-style: solid; border-color: #e7baff;\">\n<td style=\"height: 197px; border-color: #d1b5ff; width: 35.2737%; border-style: solid; vertical-align: middle;\" width=\"400\">\n<h4 style=\"text-align: center;\"><span style=\"color: #0000ff;\"><strong><img decoding=\"async\" class=\"wp-image-519 aligncenter\" src=\"http:\/\/sites.usp.br\/land\/wp-content\/uploads\/sites\/343\/2017\/12\/iep_hor_pos_rgb.jpg\" alt=\"\" width=\"369\" height=\"112\" srcset=\"https:\/\/land.icb.usp.br\/wp-content\/uploads\/sites\/343\/2017\/12\/iep_hor_pos_rgb.jpg 984w, https:\/\/land.icb.usp.br\/wp-content\/uploads\/sites\/343\/2017\/12\/iep_hor_pos_rgb-300x91.jpg 300w, https:\/\/land.icb.usp.br\/wp-content\/uploads\/sites\/343\/2017\/12\/iep_hor_pos_rgb-768x233.jpg 768w, https:\/\/land.icb.usp.br\/wp-content\/uploads\/sites\/343\/2017\/12\/iep_hor_pos_rgb-400x122.jpg 400w\" sizes=\"(max-width: 369px) 100vw, 369px\" \/><\/strong><\/span><\/h4>\n<\/td>\n<td style=\"vertical-align: middle; height: 197px; width: 34.8393%;\" width=\"400\">\n<h4 style=\"text-align: center;\"><span style=\"color: #0000ff;\"> <strong><a style=\"color: #003366;\" href=\"https:\/\/iep.hospitalsiriolibanes.org.br\/web\/iep\/home\" target=\"_blank\" rel=\"noopener noreferrer\">Instituto S\u00edrio-Liban\u00eas de Ensino e Pesquisa<\/a><\/strong> <\/span><\/h4>\n<h4 style=\"text-align: center;\"><span style=\"color: #003366;\">Respons\u00e1vel:<\/span> <a href=\"http:\/\/buscatextual.cnpq.br\/buscatextual\/visualizacv.do?id=K4771957T7\" target=\"_blank\" rel=\"noopener noreferrer\">Dra. Rosana Lima Pagano<\/a> <span style=\"color: #3366ff;\"><strong style=\"color: #0000ff;\"><a href=\"http:\/\/buscatextual.cnpq.br\/buscatextual\/visualizacv.do?id=K4771957T7\" target=\"_blank\" rel=\"noopener noreferrer\"><img decoding=\"async\" class=\"wp-image-511 alignnone\" src=\"http:\/\/sites.usp.br\/land\/wp-content\/uploads\/sites\/343\/2017\/07\/lattes-logo.jpg\" alt=\"\" width=\"13\" height=\"16\" \/><\/a><\/strong><\/span><\/h4>\n<\/td>\n<\/tr>\n<\/tbody>\n<tbody>\n<tr style=\"height: 316px;\">\n<td style=\"vertical-align: middle; height: 316px; width: 35.2737%;\" width=\"400\">\n<h4 style=\"text-align: center;\"><a href=\"http:\/\/sites.usp.br\/land\/wp-content\/uploads\/sites\/343\/2017\/12\/logo_top.png\"><img loading=\"lazy\" decoding=\"async\" class=\"wp-image-521 aligncenter\" src=\"http:\/\/sites.usp.br\/land\/wp-content\/uploads\/sites\/343\/2017\/12\/logo_top.png\" alt=\"\" width=\"204\" height=\"90\" \/><\/a><\/h4>\n<\/td>\n<td style=\"vertical-align: middle; height: 316px; width: 34.8393%;\" width=\"400\">\n<h4 style=\"text-align: center;\"><span style=\"color: #003366;\"><strong><a style=\"color: #003366;\" href=\"http:\/\/www.butantan.gov.br\/Paginas\/default.aspx\" target=\"_blank\" rel=\"noopener noreferrer\">Instituto Butantan<\/a>&#8211; <a style=\"color: #003366;\" href=\"http:\/\/cetics.butantan.gov.br\/\" target=\"_blank\" rel=\"noopener noreferrer\">Laborat\u00f3rio Especial de Dor e Sinaliza\u00e7\u00e3o<\/a><\/strong><\/span><\/h4>\n<h4 style=\"text-align: center;\"><span style=\"color: #003366;\">Respons\u00e1veis: <\/span><a href=\"http:\/\/buscatextual.cnpq.br\/buscatextual\/visualizacv.do?id=K4750174A3\" target=\"_blank\" rel=\"noopener noreferrer\">Dra. Vanessa Olson Zambelli<\/a> <strong style=\"color: #0000ff;\"><a href=\"https:\/\/www.linkedin.com\/company\/leds-ibu\" target=\"_blank\" rel=\"noopener noreferrer\"><img decoding=\"async\" class=\"wp-image-511 alignnone\" src=\"http:\/\/sites.usp.br\/land\/wp-content\/uploads\/sites\/343\/2017\/07\/lattes-logo.jpg\" alt=\"\" width=\"13\" height=\"16\" \/> <\/a><\/strong><\/h4>\n<h4 style=\"text-align: center;\"><a href=\"https:\/\/www.linkedin.com\/company\/leds-ibu\" target=\"_blank\" rel=\"noopener noreferrer\">e Dra. Gisele Picolo<\/a><a href=\"https:\/\/www.linkedin.com\/company\/leds-ibu\" target=\"_blank\" rel=\"noopener noreferrer\"><img decoding=\"async\" class=\"wp-image-511 alignnone\" src=\"http:\/\/sites.usp.br\/land\/wp-content\/uploads\/sites\/343\/2017\/07\/lattes-logo.jpg\" alt=\"\" width=\"13\" height=\"16\" \/><\/a><\/h4>\n<\/td>\n<\/tr>\n<\/tbody>\n<tbody>\n<tr style=\"height: 385px;\">\n<td style=\"vertical-align: middle; height: 385px; width: 35.2737%;\" width=\"400\"><img loading=\"lazy\" decoding=\"async\" class=\"aligncenter wp-image-1179\" src=\"https:\/\/land.icb.usp.br\/wp-content\/uploads\/sites\/343\/2022\/04\/logo-hcfmusp.png\" alt=\"\" width=\"194\" height=\"155\" \/><\/td>\n<td style=\"vertical-align: middle; height: 385px; width: 34.8393%;\" width=\"400\">\n<h4 style=\"text-align: center;\"><span style=\"color: #003366;\"><strong><a style=\"color: #003366;\" href=\"http:\/\/www.hc.fm.usp.br\/\" target=\"_blank\" rel=\"noopener noreferrer\">Hospital das Cl\u00ednicas da Faculdade de Medicina da USP<\/a><\/strong>\u00a0<\/span><\/h4>\n<h4 style=\"text-align: center;\"><span style=\"color: #003366;\">Colaborador:\u00a0<\/span><a href=\"http:\/\/lattes.cnpq.br\/0885913183990095\" target=\"_blank\" rel=\"noopener noreferrer\">Prof. Dr.\u00a0Hazem Adel Ashmawi <\/a><span style=\"color: #003366;\"><span style=\"color: #3366ff;\"><strong style=\"color: #0000ff;\"><a href=\"http:\/\/lattes.cnpq.br\/0885913183990095\" target=\"_blank\" rel=\"noopener noreferrer\"><img decoding=\"async\" class=\"wp-image-511 alignnone\" src=\"http:\/\/sites.usp.br\/land\/wp-content\/uploads\/sites\/343\/2017\/07\/lattes-logo.jpg\" alt=\"\" width=\"13\" height=\"16\" \/><\/a><\/strong><\/span><\/span><span style=\"color: #003366;\"><span style=\"color: #3366ff;\"><span style=\"color: #003366;\">&#8211;\u00a0<\/span><\/span><\/span><a style=\"color: #003366;\" href=\"https:\/\/www.anestesiologiausp.com.br\/\" target=\"_blank\" rel=\"noopener noreferrer\">Setor de Anestesiologia\u00a0<\/a><\/h4>\n<\/td>\n<\/tr>\n<\/tbody>\n<tbody>\n<tr style=\"height: 221px;\">\n<td style=\"vertical-align: middle; height: 221px; width: 35.2737%;\" width=\"400\"><img loading=\"lazy\" decoding=\"async\" class=\"wp-image-527 aligncenter\" src=\"http:\/\/sites.usp.br\/land\/wp-content\/uploads\/sites\/343\/2017\/12\/bright-logo.png\" alt=\"\" width=\"258\" height=\"87\" srcset=\"https:\/\/land.icb.usp.br\/wp-content\/uploads\/sites\/343\/2017\/12\/bright-logo.png 646w, https:\/\/land.icb.usp.br\/wp-content\/uploads\/sites\/343\/2017\/12\/bright-logo-300x101.png 300w, https:\/\/land.icb.usp.br\/wp-content\/uploads\/sites\/343\/2017\/12\/bright-logo-400x135.png 400w\" sizes=\"(max-width: 258px) 100vw, 258px\" \/><\/td>\n<td style=\"vertical-align: middle; height: 221px; width: 34.8393%;\" width=\"400\">\n<h4 style=\"text-align: center;\"><span style=\"color: #003366;\"><strong><span style=\"color: #003366;\"><strong><a style=\"color: #003366;\" href=\"http:\/\/www.brightmed.com.br\/\" target=\"_blank\" rel=\"noopener noreferrer\">Bright PhotoMedicine<\/a>\u00a0<\/strong><\/span><\/strong><\/span><\/h4>\n<h4 style=\"text-align: center;\"><span style=\"color: #003366;\">Colaborador:<\/span>\u00a0<a href=\"http:\/\/lattes.cnpq.br\/1505385128865609\" target=\"_blank\" rel=\"noopener noreferrer\">Dr.Marcelo Victor Pires de Sousa<\/a>\u00a0<span style=\"color: #003366;\"><span style=\"color: #3366ff;\"><strong style=\"color: #0000ff;\"><a href=\"http:\/\/lattes.cnpq.br\/1505385128865609\" target=\"_blank\" rel=\"noopener noreferrer\"><img decoding=\"async\" class=\"wp-image-511 alignnone\" src=\"http:\/\/sites.usp.br\/land\/wp-content\/uploads\/sites\/343\/2017\/07\/lattes-logo.jpg\" alt=\"\" width=\"13\" height=\"16\" \/><\/a><\/strong><\/span><\/span><\/h4>\n<\/td>\n<\/tr>\n<\/tbody>\n<tbody>\n<tr style=\"height: 317px;\">\n<td style=\"vertical-align: middle; height: 317px; width: 35.2737%;\" width=\"400\"><a href=\"http:\/\/sites.usp.br\/land\/wp-content\/uploads\/sites\/343\/2017\/12\/LOGO_FOUSP_FundoTransparente.png\"><img loading=\"lazy\" decoding=\"async\" class=\"wp-image-532 aligncenter\" src=\"http:\/\/sites.usp.br\/land\/wp-content\/uploads\/sites\/343\/2017\/12\/LOGO_FOUSP_FundoTransparente-150x150.png\" alt=\"\" width=\"152\" height=\"152\" srcset=\"https:\/\/land.icb.usp.br\/wp-content\/uploads\/sites\/343\/2017\/12\/LOGO_FOUSP_FundoTransparente-150x150.png 150w, https:\/\/land.icb.usp.br\/wp-content\/uploads\/sites\/343\/2017\/12\/LOGO_FOUSP_FundoTransparente-300x300.png 300w, https:\/\/land.icb.usp.br\/wp-content\/uploads\/sites\/343\/2017\/12\/LOGO_FOUSP_FundoTransparente-768x768.png 768w, https:\/\/land.icb.usp.br\/wp-content\/uploads\/sites\/343\/2017\/12\/LOGO_FOUSP_FundoTransparente-1024x1024.png 1024w, https:\/\/land.icb.usp.br\/wp-content\/uploads\/sites\/343\/2017\/12\/LOGO_FOUSP_FundoTransparente-250x250.png 250w, https:\/\/land.icb.usp.br\/wp-content\/uploads\/sites\/343\/2017\/12\/LOGO_FOUSP_FundoTransparente-174x174.png 174w, https:\/\/land.icb.usp.br\/wp-content\/uploads\/sites\/343\/2017\/12\/LOGO_FOUSP_FundoTransparente-45x45.png 45w, https:\/\/land.icb.usp.br\/wp-content\/uploads\/sites\/343\/2017\/12\/LOGO_FOUSP_FundoTransparente-200x200.png 200w, https:\/\/land.icb.usp.br\/wp-content\/uploads\/sites\/343\/2017\/12\/LOGO_FOUSP_FundoTransparente-400x400.png 400w\" sizes=\"(max-width: 152px) 100vw, 152px\" \/><\/a><\/td>\n<td style=\"vertical-align: middle; height: 317px; width: 34.8393%;\" width=\"400\">\n<h4 style=\"text-align: center;\"><span style=\"color: #003366;\"><strong><a style=\"color: #003366;\" href=\"http:\/\/www.fo.usp.br\/\" target=\"_blank\" rel=\"noopener noreferrer\">Faculdade de Odontologia da Universidade de S\u00e3o Paulo<\/a><br \/>\n<\/strong><\/span><span style=\"color: #000000;\">&#8211;\u00a0Setor de Cirurgia e Traumatologia Bucomaxilofacial<\/span><\/h4>\n<h4 style=\"text-align: center;\"><span style=\"color: #003366;\">Respons\u00e1vel:<\/span> <a href=\"http:\/\/lattes.cnpq.br\/4570109158529684\" target=\"_blank\" rel=\"noopener noreferrer\">Dr.Jo\u00e3o Gualberto de Cerqueira Luz<\/a><strong style=\"color: #0000ff;\"><a href=\"http:\/\/lattes.cnpq.br\/4570109158529684\" target=\"_blank\" rel=\"noopener noreferrer\"><img decoding=\"async\" class=\"wp-image-511 alignnone\" src=\"http:\/\/sites.usp.br\/land\/wp-content\/uploads\/sites\/343\/2017\/07\/lattes-logo.jpg\" alt=\"\" width=\"13\" height=\"16\" \/><\/a><\/strong><span style=\"color: #3366ff;\"><strong style=\"color: #0000ff;\"><br \/>\n<\/strong><\/span><span style=\"color: #3366ff;\"><span style=\"color: #003366;\">e<\/span><\/span> <a href=\"http:\/\/lattes.cnpq.br\/4818743969094190\" target=\"_blank\" rel=\"noopener noreferrer\">Ms. Alex de Freitas Rodrigues<\/a>\u00a0<span style=\"color: #3366ff;\"><span style=\"color: #003366;\"><span style=\"color: #3366ff;\"><strong style=\"color: #0000ff;\"><a href=\"http:\/\/lattes.cnpq.br\/4818743969094190\" target=\"_blank\" rel=\"noopener noreferrer\"><img decoding=\"async\" class=\"wp-image-511 alignnone\" src=\"http:\/\/sites.usp.br\/land\/wp-content\/uploads\/sites\/343\/2017\/07\/lattes-logo.jpg\" alt=\"\" width=\"13\" height=\"16\" \/><\/a><\/strong><\/span><\/span><\/span><\/h4>\n<\/td>\n<\/tr>\n<tr style=\"height: 300px;\">\n<td style=\"vertical-align: middle; height: 300px; width: 35.2737%;\" width=\"400\"><img loading=\"lazy\" decoding=\"async\" class=\"aligncenter\" src=\"https:\/\/www.colorado.edu\/psych-neuro\/profiles\/express\/themes\/ucb\/images\/cu-boulder-logo-text-black.svg\" alt=\"University of Colorado Boulder\" width=\"303\" height=\"28\" \/><img loading=\"lazy\" decoding=\"async\" class=\"aligncenter\" src=\"https:\/\/www.colorado.edu\/psych-neuro\/sites\/default\/files\/styles\/small\/public\/people\/watkins-300x300.jpg?itok=Vz7zt167\" alt=\"Linda Watkins\" width=\"198\" height=\"198\" \/><\/td>\n<td style=\"vertical-align: middle; height: 300px; width: 34.8393%;\" width=\"400\">\n<h4 style=\"text-align: center;\"><strong><span style=\"color: #000080;\"><a style=\"color: #000080;\" href=\"https:\/\/www.colorado.edu\/psych-neuro\/linda-watkins\" target=\"_blank\" rel=\"noopener\">CENTER FOR NEUROSCIENCE &#8211;<br \/>\nUniversity of Colorado Bolder\u00a0<\/a><\/span><\/strong><\/h4>\n<h4 style=\"text-align: center;\"><strong><span style=\"color: #003366;\">Respons\u00e1vel: Linda Watkins<\/span><\/strong><\/h4>\n<h4 style=\"text-align: center;\"><em>Distinguished Professor \u2022 Behavioral Neuroscience<\/em><\/h4>\n<\/td>\n<\/tr>\n<tr style=\"height: 276px;\">\n<td style=\"vertical-align: middle; height: 276px; width: 35.2737%;\" width=\"400\"><img loading=\"lazy\" decoding=\"async\" class=\"aligncenter\" src=\"https:\/\/www.shorttermprograms.com\/images\/cache\/600_by_314\/uploads\/institution-logos\/aarhus-university.png\" alt=\"Aarhus University - Short Term Programs\" width=\"276\" height=\"145\" \/><img loading=\"lazy\" decoding=\"async\" class=\"aligncenter\" src=\"https:\/\/ipure.nfit.au.dk\/current\/photos\/8ee0570a-d317-43ec-a3ba-8fb66cee875e-AML_pure_copy.jpg\" alt=\"Anne Landau\" width=\"129\" height=\"172\" \/><\/p>\n<p>&nbsp;<\/td>\n<td style=\"vertical-align: middle; height: 276px; width: 34.8393%;\" width=\"400\">\n<h4 style=\"text-align: center;\"><span style=\"color: #003366;\"><strong><a style=\"color: #003366;\" href=\"https:\/\/tnu.au.dk\/people\/principal-investigators\/anne-m-landau-translational-neuroimaging\/\" target=\"_blank\" rel=\"noopener noreferrer\">Translational Neuropsychiatry &#8211;<br \/>\nAARHUS University<\/a><\/strong><\/span><\/h4>\n<p>&nbsp;<\/p>\n<h4 style=\"text-align: center;\"><strong><span style=\"color: #003366;\">Respons\u00e1vel: Anne Landau<\/span><\/strong><\/h4>\n<h4 style=\"text-align: center;\"><em>Translational Neuroimaging<\/em><\/h4>\n<\/td>\n<\/tr>\n<tr style=\"height: 317px;\">\n<td style=\"vertical-align: middle; height: 317px; width: 35.2737%;\" width=\"400\"><img loading=\"lazy\" decoding=\"async\" class=\"aligncenter\" src=\"https:\/\/upload.wikimedia.org\/wikipedia\/commons\/0\/0a\/Logo_Unesp.svg\" alt=\"Ficheiro:Logo Unesp.svg \u2013 Wikip\u00e9dia, a enciclop\u00e9dia livre\" width=\"278\" height=\"93\" \/><\/td>\n<td style=\"height: 317px; width: 34.8393%; vertical-align: middle;\" width=\"400\">\n<h4 style=\"vertical-align: middle; text-align: center;\"><strong><a href=\"https:\/\/unesp.br\/portaldocentes\/docentes\/207241\" target=\"_blank\" rel=\"noopener\"><span style=\"color: #000000;\"><span style=\"color: #003366;\">Instituto de Bioci\u00eancias (Rio Claro)<br \/>\n<\/span><\/span><span style=\"color: #000000;\"><span style=\"color: #003366;\">&#8211; UNESP<\/span><\/span><\/a><\/strong><\/h4>\n<h4 style=\"vertical-align: middle; text-align: center;\"><strong><span style=\"color: #003366;\">Respons\u00e1vel: Adriano Polican Ciena <a href=\"http:\/\/buscatextual.cnpq.br\/buscatextual\/visualizacv.do?metodo=apresentar&amp;id=K4260334T1\" target=\"_blank\" rel=\"noopener noreferrer\"><img decoding=\"async\" class=\"wp-image-511 alignnone\" src=\"http:\/\/sites.usp.br\/land\/wp-content\/uploads\/sites\/343\/2017\/07\/lattes-logo.jpg\" alt=\"\" width=\"13\" height=\"16\" \/><\/a><\/span><\/strong><span style=\"color: #3366ff;\"><strong style=\"color: #0000ff;\"><br \/>\n<\/strong><\/span><\/h4>\n<h4 style=\"vertical-align: middle; text-align: center;\"><em>Laborat\u00f3rio de Morfologia e Atividade F\u00edsica &#8211; LAMAF<\/em><\/h4>\n<\/td>\n<\/tr>\n<tr style=\"height: 317px;\">\n<td style=\"vertical-align: middle; height: 317px; width: 35.2737%;\" width=\"400\"><img loading=\"lazy\" decoding=\"async\" class=\"aligncenter\" src=\"https:\/\/www.umaryland.edu\/media\/umb\/cacpr\/style-assets\/CACPR-logo-web.png\" alt=\"The University of Maryland Center to Advance Chronic Pain Research\" width=\"347\" height=\"91\" \/><\/p>\n<p><img loading=\"lazy\" decoding=\"async\" class=\"aligncenter\" src=\"https:\/\/www.umaryland.edu\/media\/umb\/cacpr\/headshots---trainees\/20200326-joyce-teixeira.png\" alt=\"Joyce Teixeira da Silva, PhD\" width=\"212\" height=\"177\" \/><\/td>\n<td style=\"vertical-align: middle; height: 317px; width: 34.8393%;\" width=\"400\">\n<h4 style=\"text-align: center;\"><strong><a href=\"https:\/\/www.umaryland.edu\/cacpr\/membership\/trainees-members-information\/joyce-teixeira-da-silva-phd\/\" target=\"_blank\" rel=\"noopener\"><span style=\"color: #000000;\"><span style=\"color: #003366;\">Center to Advance Chronic Pain Research &#8211; University of Maryland<\/span><\/span><\/a><\/strong><\/h4>\n<h4 style=\"text-align: center;\"><strong><span style=\"color: #003366;\">Respons\u00e1vel:\u00a0 Joyce Teixeira da Silva, PhD<\/span><\/strong><span style=\"color: #3366ff;\"><strong style=\"color: #0000ff;\"><br \/>\n<\/strong><\/span><\/h4>\n<h4 style=\"text-align: center;\"><em>Assistant Professor, Department of Neural and Pain Sciences<\/em><\/h4>\n<\/td>\n<\/tr>\n<\/tbody>\n<\/table>\n<p>&nbsp;<\/p>\n","protected":false},"excerpt":{"rendered":"<p>Instituto S\u00edrio-Liban\u00eas de Ensino e Pesquisa Respons\u00e1vel: Dra. Rosana Lima Pagano Instituto Butantan&#8211; Laborat\u00f3rio Especial de Dor e Sinaliza\u00e7\u00e3o Respons\u00e1veis: Dra. Vanessa Olson Zambelli e Dra. Gisele Picolo Hospital das Cl\u00ednicas da Faculdade de Medicina da USP\u00a0 Colaborador:\u00a0Prof. Dr.\u00a0Hazem Adel Ashmawi &#8211;\u00a0Setor de Anestesiologia\u00a0 Bright PhotoMedicine\u00a0 Colaborador:\u00a0Dr.Marcelo Victor Pires de Sousa\u00a0 Faculdade de Odontologia da<a href=\"https:\/\/land.icb.usp.br\/en\/parcerias\/\">[&#8230;]<\/a><\/p>\n","protected":false},"author":616,"featured_media":1243,"parent":0,"menu_order":0,"comment_status":"closed","ping_status":"closed","template":"template-fullwidth-no-title.php","meta":{"footnotes":"","_links_to":"","_links_to_target":""},"class_list":["post-413","page","type-page","status-publish","has-post-thumbnail","hentry"],"_links":{"self":[{"href":"https:\/\/land.icb.usp.br\/en\/wp-json\/wp\/v2\/pages\/413","targetHints":{"allow":["GET"]}}],"collection":[{"href":"https:\/\/land.icb.usp.br\/en\/wp-json\/wp\/v2\/pages"}],"about":[{"href":"https:\/\/land.icb.usp.br\/en\/wp-json\/wp\/v2\/types\/page"}],"author":[{"embeddable":true,"href":"https:\/\/land.icb.usp.br\/en\/wp-json\/wp\/v2\/users\/616"}],"replies":[{"embeddable":true,"href":"https:\/\/land.icb.usp.br\/en\/wp-json\/wp\/v2\/comments?post=413"}],"version-history":[{"count":5,"href":"https:\/\/land.icb.usp.br\/en\/wp-json\/wp\/v2\/pages\/413\/revisions"}],"predecessor-version":[{"id":1416,"href":"https:\/\/land.icb.usp.br\/en\/wp-json\/wp\/v2\/pages\/413\/revisions\/1416"}],"wp:featuredmedia":[{"embeddable":true,"href":"https:\/\/land.icb.usp.br\/en\/wp-json\/wp\/v2\/media\/1243"}],"wp:attachment":[{"href":"https:\/\/land.icb.usp.br\/en\/wp-json\/wp\/v2\/media?parent=413"}],"curies":[{"name":"wp","href":"https:\/\/api.w.org\/{rel}","templated":true}]}}