{"id":425,"date":"2017-12-04T13:22:17","date_gmt":"2017-12-04T15:22:17","guid":{"rendered":"http:\/\/sites.usp.br\/land\/?page_id=425"},"modified":"2024-03-20T16:30:33","modified_gmt":"2024-03-20T18:30:33","slug":"destaques","status":"publish","type":"page","link":"https:\/\/land.icb.usp.br\/en\/destaques\/","title":{"rendered":"Highlights"},"content":{"rendered":"<h2 style=\"text-align: center;\"><img fetchpriority=\"high\" decoding=\"async\" class=\"aligncenter wp-image-1248\" src=\"https:\/\/land.icb.usp.br\/wp-content\/uploads\/sites\/343\/2022\/07\/HEADER-DO-SITE-1-e1659192985899-1024x246.png\" alt=\"\" width=\"1043\" height=\"251\" srcset=\"https:\/\/land.icb.usp.br\/wp-content\/uploads\/sites\/343\/2022\/07\/HEADER-DO-SITE-1-e1659192985899-1024x246.png 1024w, https:\/\/land.icb.usp.br\/wp-content\/uploads\/sites\/343\/2022\/07\/HEADER-DO-SITE-1-e1659192985899-300x72.png 300w, https:\/\/land.icb.usp.br\/wp-content\/uploads\/sites\/343\/2022\/07\/HEADER-DO-SITE-1-e1659192985899-768x184.png 768w, https:\/\/land.icb.usp.br\/wp-content\/uploads\/sites\/343\/2022\/07\/HEADER-DO-SITE-1-e1659192985899-400x96.png 400w, https:\/\/land.icb.usp.br\/wp-content\/uploads\/sites\/343\/2022\/07\/HEADER-DO-SITE-1-e1659192985899.png 1330w\" sizes=\"(max-width: 1043px) 100vw, 1043px\" \/><\/h2>\n<hr \/>\n<div style=\"width: 640px;\" class=\"wp-video\"><video class=\"wp-video-shortcode\" id=\"video-425-1\" width=\"640\" height=\"360\" poster=\"https:\/\/land.icb.usp.br\/wp-content\/uploads\/sites\/343\/2024\/03\/1-video-mari.png\" preload=\"metadata\" controls=\"controls\"><source type=\"video\/mp4\" src=\"https:\/\/land.icb.usp.br\/wp-content\/uploads\/sites\/343\/dlm_uploads\/2024\/03\/O-papel-do-cerebro-na-dor.mp4?_=1\" \/><a href=\"https:\/\/land.icb.usp.br\/wp-content\/uploads\/sites\/343\/dlm_uploads\/2024\/03\/O-papel-do-cerebro-na-dor.mp4\">https:\/\/land.icb.usp.br\/wp-content\/uploads\/sites\/343\/dlm_uploads\/2024\/03\/O-papel-do-cerebro-na-dor.mp4<\/a><\/video><\/div>\n<p style=\"text-align: center;\"><strong>MAR\/2024<\/strong><\/p>\n<hr \/>\n<h2 style=\"text-align: center;\"><\/h2>\n<h2 style=\"text-align: center;\"><span style=\"text-decoration: underline; color: #3607b5;\"><a style=\"color: #3607b5; text-decoration: underline;\" href=\"http:\/\/aun.webhostusp.sti.usp.br\/index.php\/2022\/06\/07\/alongamento-antes-da-musculacao-estimula-o-desenvolvimento-de-juncao-entre-o-musculo-e-o-tendao\/\" target=\"_blank\" rel=\"noopener\">Alongamento antes da muscula\u00e7\u00e3o estimula o desenvolvimento de jun\u00e7\u00e3o entre o m\u00fasculo e o tend\u00e3o &#8211; (AUN-USP)<\/a><\/span><\/h2>\n<p style=\"text-align: center;\"><a href=\"https:\/\/land.icb.usp.br\/wp-content\/uploads\/sites\/343\/2022\/07\/noticia-alongamento-entrevista-maru.png\"><img decoding=\"async\" class=\"aligncenter wp-image-1222\" src=\"https:\/\/land.icb.usp.br\/wp-content\/uploads\/sites\/343\/2022\/07\/noticia-alongamento-entrevista-maru.png\" alt=\"\" width=\"408\" height=\"305\" srcset=\"https:\/\/land.icb.usp.br\/wp-content\/uploads\/sites\/343\/2022\/07\/noticia-alongamento-entrevista-maru.png 872w, https:\/\/land.icb.usp.br\/wp-content\/uploads\/sites\/343\/2022\/07\/noticia-alongamento-entrevista-maru-300x224.png 300w, https:\/\/land.icb.usp.br\/wp-content\/uploads\/sites\/343\/2022\/07\/noticia-alongamento-entrevista-maru-768x574.png 768w, https:\/\/land.icb.usp.br\/wp-content\/uploads\/sites\/343\/2022\/07\/noticia-alongamento-entrevista-maru-285x214.png 285w, https:\/\/land.icb.usp.br\/wp-content\/uploads\/sites\/343\/2022\/07\/noticia-alongamento-entrevista-maru-80x60.png 80w, https:\/\/land.icb.usp.br\/wp-content\/uploads\/sites\/343\/2022\/07\/noticia-alongamento-entrevista-maru-400x299.png 400w\" sizes=\"(max-width: 408px) 100vw, 408px\" \/><\/a><\/p>\n<p style=\"text-align: center;\"><strong>JUN\/2022<\/strong><\/p>\n<hr \/>\n<h2 style=\"text-align: center;\"><\/h2>\n<h2 style=\"text-align: center;\"><span style=\"text-decoration: underline;\"><span style=\"color: #61378c; text-decoration: underline;\"><a style=\"color: #61378c; text-decoration: underline;\" href=\"https:\/\/independentaustralia.net\/life\/life-display\/snakes-on-a-plane-bad--in-the-medicine-cabinet-good,16111\" target=\"_blank\" rel=\"noopener\" data-saferedirecturl=\"https:\/\/www.google.com\/url?q=https:\/\/independentaustralia.net\/life\/life-display\/snakes-on-a-plane-bad--in-the-medicine-cabinet-good,16111&amp;source=gmail&amp;ust=1649940738080000&amp;usg=AOvVaw3qcw1VWxFDqvLiOQCaVCwo\">Snakes on a plane, bad \u2014 in the medicine cabinet, good! (independentaustralia.net)<\/a><\/span><\/span><\/h2>\n<p style=\"text-align: center;\"><span style=\"text-decoration: underline;\"><a href=\"https:\/\/land.icb.usp.br\/wp-content\/uploads\/sites\/343\/2022\/04\/venom-supplies.png\"><img decoding=\"async\" class=\"aligncenter wp-image-1169\" src=\"https:\/\/land.icb.usp.br\/wp-content\/uploads\/sites\/343\/2022\/04\/venom-supplies.png\" alt=\"\" width=\"354\" height=\"232\" srcset=\"https:\/\/land.icb.usp.br\/wp-content\/uploads\/sites\/343\/2022\/04\/venom-supplies.png 533w, https:\/\/land.icb.usp.br\/wp-content\/uploads\/sites\/343\/2022\/04\/venom-supplies-300x196.png 300w, https:\/\/land.icb.usp.br\/wp-content\/uploads\/sites\/343\/2022\/04\/venom-supplies-400x262.png 400w\" sizes=\"(max-width: 354px) 100vw, 354px\" \/><\/a><strong>MAR\/2022<\/strong><\/span><\/p>\n<hr \/>\n<h2 style=\"text-align: center;\"><span style=\"text-decoration: underline;\"><span style=\"color: #61378c; text-decoration: underline;\"><a style=\"color: #61378c; text-decoration: underline;\" href=\"https:\/\/noticias.uol.com.br\/ciencia\/ultimas-noticias\/redacao\/2018\/01\/08\/por-que-sentimos-dor-e-qual-e-sua-importancia-para-o-nosso-corpo.htm\" target=\"_blank\" rel=\"noopener\">Por que sentimos dor e qual \u00e9 sua import\u00e2ncia para o nosso corpo.<\/a>\u00a0 \u00a0 \u00a0 \u00a0 \u00a0 \u00a0\u00a0<\/span><\/span><\/h2>\n<h2 style=\"text-align: center;\"><span style=\"text-decoration: underline;\"><span style=\"color: #61378c; text-decoration: underline;\"><img loading=\"lazy\" decoding=\"async\" class=\"aligncenter\" src=\"https:\/\/hp.imguol.com.br\/c\/home\/interacao\/facebook\/logo-uol.png\" alt=\"Resultado de imagem para uol\" width=\"184\" height=\"184\" \/><\/span><\/span><\/h2>\n<p style=\"text-align: center;\"><strong>JAN\/2018<\/strong><\/p>\n<hr \/>\n<h2 style=\"text-align: center;\"><\/h2>\n<h2 style=\"text-align: center;\"><span style=\"text-decoration: underline;\"><span style=\"color: #61378c; text-decoration: underline;\"><a style=\"color: #61378c; text-decoration: underline;\" href=\"https:\/\/www.redenoticia.com.br\/noticia\/2017\/grupo-da-usp-investiga-como-a-fototerapia-combate-a-dor-neuropatica\/109596\" target=\"_blank\" rel=\"noopener\">Grupo da USP investiga\u00a0 como a fototerapia combate a dor neurop\u00e1tica.<\/a><\/span><\/span><\/h2>\n<p style=\"text-align: center;\"><img loading=\"lazy\" decoding=\"async\" class=\"size-large aligncenter\" src=\"https:\/\/www.redenoticia.com.br\/noticia\/imagens\/logo_RN-1.png\" width=\"280\" height=\"96\" \/><\/p>\n<p style=\"text-align: center;\"><strong>MAR\/2017<\/strong><\/p>\n<hr \/>\n<h2 style=\"text-align: center;\"><\/h2>\n<h2 style=\"text-align: center;\"><span style=\"text-decoration: underline;\"><span style=\"color: #61378c; text-decoration: underline;\"><a style=\"color: #61378c; text-decoration: underline;\" href=\"https:\/\/medicalxpress.com\/news\/2017-03-group-phototherapy-combats-neuropathic-pain.html\" target=\"_blank\" rel=\"noopener\">Group investigates how phototherapy combats neuropathic pain.<\/a>\u00a0<\/span><\/span><\/h2>\n<p style=\"text-align: center;\"><span style=\"text-decoration: underline;\"><span style=\"color: #61378c; text-decoration: underline;\"><a style=\"color: #61378c; text-decoration: underline;\" href=\"http:\/\/sites.usp.br\/land\/wp-content\/uploads\/sites\/343\/2017\/12\/medical-express.jpg\"><img loading=\"lazy\" decoding=\"async\" class=\"wp-image-661 aligncenter\" src=\"http:\/\/sites.usp.br\/land\/wp-content\/uploads\/sites\/343\/2017\/12\/medical-express.jpg\" alt=\"\" width=\"323\" height=\"104\" \/><\/a><\/span><\/span><strong>MAR\/2017<\/strong><\/p>\n<hr \/>\n<h2 style=\"text-align: center;\"><\/h2>\n<h2 style=\"text-align: center;\"><span style=\"text-decoration: underline;\"><span style=\"color: #61378c; text-decoration: underline;\"><a style=\"color: #61378c; text-decoration: underline;\" href=\"https:\/\/www.diabetes.co.uk\/news\/2017\/mar\/low-level-laser-therapy-could-be-effective-pain-relief-for-diabetic-neuropathy-96261134.html\" target=\"_blank\" rel=\"noopener\">Low-level laser therapy could be effective pain relief for diabetic neuropathy.<\/a><\/span><\/span><\/h2>\n<h2 style=\"text-align: center;\"><span style=\"text-decoration: underline;\"><span style=\"color: #61378c; text-decoration: underline;\"><a style=\"color: #61378c; text-decoration: underline;\" href=\"http:\/\/sites.usp.br\/land\/wp-content\/uploads\/sites\/343\/2017\/12\/logo.png\"><img loading=\"lazy\" decoding=\"async\" class=\"wp-image-662 aligncenter\" src=\"http:\/\/sites.usp.br\/land\/wp-content\/uploads\/sites\/343\/2017\/12\/logo.png\" alt=\"\" width=\"302\" height=\"76\" srcset=\"https:\/\/land.icb.usp.br\/wp-content\/uploads\/sites\/343\/2017\/12\/logo.png 360w, https:\/\/land.icb.usp.br\/wp-content\/uploads\/sites\/343\/2017\/12\/logo-300x76.png 300w\" sizes=\"(max-width: 302px) 100vw, 302px\" \/><\/a><\/span><\/span><\/h2>\n<p style=\"text-align: center;\"><strong>MAR\/2017<\/strong><\/p>\n<hr \/>\n<h2 style=\"text-align: center;\"><\/h2>\n<h2 style=\"text-align: center;\"><span style=\"text-decoration: underline;\"><span style=\"color: #61378c; text-decoration: underline;\"><a style=\"color: #61378c; text-decoration: underline;\" href=\"http:\/\/noticiasdelaciencia.com\/not\/23672\/cientificos-investigan-la-fototerapia-en-el-combate-contra-el-dolor-neuropatico\/\" target=\"_blank\" rel=\"noopener\">Cient\u00edficos investigan la fototerapia en el combate contra el dolor neurop\u00e1tico.<\/a><\/span><\/span><\/h2>\n<h2 style=\"text-align: center;\"><span style=\"text-decoration: underline;\"><span style=\"color: #61378c; text-decoration: underline;\"><a style=\"color: #61378c; text-decoration: underline;\" href=\"http:\/\/noticiasdelaciencia.com\/not\/23672\/cientificos-investigan-la-fototerapia-en-el-combate-contra-el-dolor-neuropatico\/\" target=\"_blank\" rel=\"noopener noreferrer\"><img loading=\"lazy\" decoding=\"async\" class=\"aligncenter size-full wp-image-663\" src=\"http:\/\/sites.usp.br\/land\/wp-content\/uploads\/sites\/343\/2017\/12\/noticiasdelaciencia.png\" alt=\"\" width=\"700\" height=\"96\" srcset=\"https:\/\/land.icb.usp.br\/wp-content\/uploads\/sites\/343\/2017\/12\/noticiasdelaciencia.png 700w, https:\/\/land.icb.usp.br\/wp-content\/uploads\/sites\/343\/2017\/12\/noticiasdelaciencia-300x41.png 300w, https:\/\/land.icb.usp.br\/wp-content\/uploads\/sites\/343\/2017\/12\/noticiasdelaciencia-400x55.png 400w\" sizes=\"(max-width: 700px) 100vw, 700px\" \/><\/a><\/span><\/span><\/h2>\n<p style=\"text-align: center;\"><strong>MAR\/2017<\/strong><\/p>\n<hr \/>\n<h2 style=\"text-align: center;\"><span style=\"text-decoration: underline;\"><span style=\"color: #61378c; text-decoration: underline;\"><a style=\"color: #61378c; text-decoration: underline;\" href=\"https:\/\/g1.globo.com\/bemestar\/noticia\/2016\/09\/pesquisadores-estudam-estrategias-para-tratar-dor-sem-remedio.html\" target=\"_blank\" rel=\"noopener\">Pesquisadores estudam estrat\u00e9gias para tratar dor sem rem\u00e9dio.<\/a><\/span><\/span><\/h2>\n<p style=\"text-align: center;\"><span style=\"text-decoration: underline;\"><span style=\"color: #61378c; text-decoration: underline;\"><a style=\"color: #61378c; text-decoration: underline;\" href=\"http:\/\/sites.usp.br\/land\/wp-content\/uploads\/sites\/343\/2017\/12\/n8bWszjh_400x400.jpg\"><img loading=\"lazy\" decoding=\"async\" class=\"wp-image-660 aligncenter\" src=\"http:\/\/sites.usp.br\/land\/wp-content\/uploads\/sites\/343\/2017\/12\/n8bWszjh_400x400.jpg\" alt=\"\" width=\"168\" height=\"168\" srcset=\"https:\/\/land.icb.usp.br\/wp-content\/uploads\/sites\/343\/2017\/12\/n8bWszjh_400x400.jpg 300w, https:\/\/land.icb.usp.br\/wp-content\/uploads\/sites\/343\/2017\/12\/n8bWszjh_400x400-150x150.jpg 150w, https:\/\/land.icb.usp.br\/wp-content\/uploads\/sites\/343\/2017\/12\/n8bWszjh_400x400-250x250.jpg 250w, https:\/\/land.icb.usp.br\/wp-content\/uploads\/sites\/343\/2017\/12\/n8bWszjh_400x400-174x174.jpg 174w, https:\/\/land.icb.usp.br\/wp-content\/uploads\/sites\/343\/2017\/12\/n8bWszjh_400x400-45x45.jpg 45w, https:\/\/land.icb.usp.br\/wp-content\/uploads\/sites\/343\/2017\/12\/n8bWszjh_400x400-200x200.jpg 200w\" sizes=\"(max-width: 168px) 100vw, 168px\" \/><\/a><\/span><\/span><strong>SET\/2016<\/strong><\/p>\n<hr \/>\n<h2 style=\"text-align: center;\"><span style=\"text-decoration: underline;\"><span style=\"color: #61378c; text-decoration: underline;\"><a style=\"color: #61378c; text-decoration: underline;\" href=\"https:\/\/revistapesquisa.fapesp.br\/o-que-e-o-que-e-13\/#:~:text=As%20c%C3%A9lulas%20da%20glia%20ou,como%20suporte%20para%20os%20neur%C3%B4nios.\" target=\"_blank\" rel=\"noopener\">O que \u00e9, o que \u00e9? C\u00e9lulas da Glia.<\/a><\/span><\/span><\/h2>\n<p style=\"text-align: center;\"><span style=\"text-decoration: underline;\"><span style=\"color: #61378c; text-decoration: underline;\"><img loading=\"lazy\" decoding=\"async\" class=\"aligncenter\" src=\"http:\/\/www.sibi.usp.br\/wp-content\/uploads\/2016\/08\/logo.png\" alt=\"Resultado de imagem para pesquisa fapesp\" width=\"331\" height=\"103\" \/><\/span><\/span><\/p>\n<p style=\"text-align: center;\"><strong>DEZ\/2012<\/strong><\/p>\n<p style=\"text-align: center;\">\n","protected":false},"excerpt":{"rendered":"<p>MAR\/2024 Alongamento antes da muscula\u00e7\u00e3o estimula o desenvolvimento de jun\u00e7\u00e3o entre o m\u00fasculo e o tend\u00e3o &#8211; (AUN-USP) JUN\/2022 Snakes on a plane, bad \u2014 in the medicine cabinet, good! (independentaustralia.net) MAR\/2022 Por que sentimos dor e qual \u00e9 sua import\u00e2ncia para o nosso corpo.\u00a0 \u00a0 \u00a0 \u00a0 \u00a0 \u00a0\u00a0 JAN\/2018 Grupo da USP investiga\u00a0<a href=\"https:\/\/land.icb.usp.br\/en\/destaques\/\">[&#8230;]<\/a><\/p>\n","protected":false},"author":616,"featured_media":0,"parent":0,"menu_order":0,"comment_status":"closed","ping_status":"closed","template":"template-fullwidth-no-title.php","meta":{"footnotes":"","_links_to":"","_links_to_target":""},"class_list":["post-425","page","type-page","status-publish","hentry"],"_links":{"self":[{"href":"https:\/\/land.icb.usp.br\/en\/wp-json\/wp\/v2\/pages\/425","targetHints":{"allow":["GET"]}}],"collection":[{"href":"https:\/\/land.icb.usp.br\/en\/wp-json\/wp\/v2\/pages"}],"about":[{"href":"https:\/\/land.icb.usp.br\/en\/wp-json\/wp\/v2\/types\/page"}],"author":[{"embeddable":true,"href":"https:\/\/land.icb.usp.br\/en\/wp-json\/wp\/v2\/users\/616"}],"replies":[{"embeddable":true,"href":"https:\/\/land.icb.usp.br\/en\/wp-json\/wp\/v2\/comments?post=425"}],"version-history":[{"count":5,"href":"https:\/\/land.icb.usp.br\/en\/wp-json\/wp\/v2\/pages\/425\/revisions"}],"predecessor-version":[{"id":1539,"href":"https:\/\/land.icb.usp.br\/en\/wp-json\/wp\/v2\/pages\/425\/revisions\/1539"}],"wp:attachment":[{"href":"https:\/\/land.icb.usp.br\/en\/wp-json\/wp\/v2\/media?parent=425"}],"curies":[{"name":"wp","href":"https:\/\/api.w.org\/{rel}","templated":true}]}}