{"id":1299,"date":"2022-09-03T12:14:43","date_gmt":"2022-09-03T14:14:43","guid":{"rendered":"https:\/\/land.icb.usp.br\/?page_id=1299"},"modified":"2022-09-03T13:03:20","modified_gmt":"2022-09-03T15:03:20","slug":"cartilha","status":"publish","type":"page","link":"https:\/\/land.icb.usp.br\/pb\/cartilha\/","title":{"rendered":"Cartilha"},"content":{"rendered":"\t\t<div data-elementor-type=\"wp-page\" data-elementor-id=\"1299\" class=\"elementor elementor-1299\">\n\t\t\t\t\t\t<section class=\"elementor-section elementor-top-section elementor-element elementor-element-831f23e elementor-section-boxed elementor-section-height-default elementor-section-height-default\" data-id=\"831f23e\" data-element_type=\"section\">\n\t\t\t\t\t\t<div class=\"elementor-container elementor-column-gap-default\">\n\t\t\t\t\t<div class=\"elementor-column elementor-col-100 elementor-top-column elementor-element elementor-element-91554f5\" data-id=\"91554f5\" data-element_type=\"column\">\n\t\t\t<div class=\"elementor-widget-wrap elementor-element-populated\">\n\t\t\t\t\t\t<div class=\"elementor-element elementor-element-c6d4d55 elementor-widget elementor-widget-heading\" data-id=\"c6d4d55\" data-element_type=\"widget\" data-widget_type=\"heading.default\">\n\t\t\t\t<div class=\"elementor-widget-container\">\n\t\t\t<h3 class=\"elementor-heading-title elementor-size-xl\">Cartilha: Dor, pra qu\u00ea te quero?<\/h3>\t\t<\/div>\n\t\t\t\t<\/div>\n\t\t\t\t\t<\/div>\n\t\t<\/div>\n\t\t\t\t\t<\/div>\n\t\t<\/section>\n\t\t\t\t<section class=\"elementor-section elementor-top-section elementor-element elementor-element-9022219 elementor-section-full_width elementor-reverse-tablet elementor-reverse-mobile elementor-section-height-default elementor-section-height-default\" data-id=\"9022219\" data-element_type=\"section\">\n\t\t\t\t\t\t<div class=\"elementor-container elementor-column-gap-default\">\n\t\t\t\t\t<div class=\"elementor-column elementor-col-100 elementor-top-column elementor-element elementor-element-f866497\" data-id=\"f866497\" data-element_type=\"column\">\n\t\t\t<div class=\"elementor-widget-wrap elementor-element-populated\">\n\t\t\t\t\t\t<div class=\"elementor-element elementor-element-3f37811 elementor-widget elementor-widget-html\" data-id=\"3f37811\" data-element_type=\"widget\" data-widget_type=\"html.default\">\n\t\t\t\t<div class=\"elementor-widget-container\">\n\t\t\t<div style=\"position: relative; width: 100%; height: 0; padding-top: 56.2500%;\r\n padding-bottom: 48px; box-shadow: 0 2px 8px 0 rgba(63,69,81,0.16); margin-top: 1.6em; margin-bottom: 0.9em; overflow: hidden;\r\n border-radius: 8px; will-change: transform;\">\r\n  <iframe loading=\"lazy\" style=\"position: absolute; width: 100%; height: 100%; top: 0; left: 0; border: none; padding: 0;margin: 0;\"\r\n    src=\"https:&#x2F;&#x2F;www.canva.com&#x2F;design&#x2F;DAFK_bo7_v4&#x2F;view?embed\" allowfullscreen=\"allowfullscreen\" allow=\"fullscreen\">\r\n  <\/iframe>\r\n<\/div>\r\n<a href=\"https:&#x2F;&#x2F;www.canva.com&#x2F;design&#x2F;DAFK_bo7_v4&#x2F;view?utm_content=DAFK_bo7_v4&amp;utm_campaign=designshare&amp;utm_medium=embeds&amp;utm_source=link\" target=\"_blank\" rel=\"noopener\">Dor, pra qu\u00ea te quero?<\/a> by Gabriele Muniz Costa\t\t<\/div>\n\t\t\t\t<\/div>\n\t\t\t\t\t<\/div>\n\t\t<\/div>\n\t\t\t\t\t<\/div>\n\t\t<\/section>\n\t\t\t\t<section class=\"elementor-section elementor-top-section elementor-element elementor-element-7152d37 elementor-section-boxed elementor-section-height-default elementor-section-height-default\" data-id=\"7152d37\" data-element_type=\"section\">\n\t\t\t\t\t\t<div class=\"elementor-container elementor-column-gap-default\">\n\t\t\t\t\t<div class=\"elementor-column elementor-col-100 elementor-top-column elementor-element elementor-element-27c964e\" data-id=\"27c964e\" data-element_type=\"column\">\n\t\t\t<div class=\"elementor-widget-wrap elementor-element-populated\">\n\t\t\t\t\t\t<div class=\"elementor-element elementor-element-c086b9d elementor-widget elementor-widget-text-editor\" data-id=\"c086b9d\" data-element_type=\"widget\" data-widget_type=\"text-editor.default\">\n\t\t\t\t<div class=\"elementor-widget-container\">\n\t\t\t\t\t\t\t<p style=\"text-align: center;\"><span style=\"font-size: 12pt; font-family: helvetica, arial, sans-serif;\">Esse material foi desenvolvido pela aluna do curso de Ci\u00eancias Biom\u00e9dicas &#8211; ICB\/USP Gabriele, como um projeto de extens\u00e3o fomentado pelo PUB-USP,&nbsp; com o objetivo de apresentar os principais conceitos de dor para o grande p\u00fablico. Al\u00e9m disso essa iniciativa visa atingir diversos nichos que possam entender melhor sobre a dor e a import\u00e2ncia dessa resposta fisiol\u00f3gica.&nbsp;<\/span><br><span style=\"font-size: 12pt; font-family: helvetica, arial, sans-serif;\">Qualquer d\u00favida ou sugest\u00e3o, por favor nos contate atrav\u00e9s das redes sociais. \u00d3tima leitura!<\/span><\/p>\t\t\t\t\t\t<\/div>\n\t\t\t\t<\/div>\n\t\t\t\t\t<\/div>\n\t\t<\/div>\n\t\t\t\t\t<\/div>\n\t\t<\/section>\n\t\t\t\t<section class=\"elementor-section elementor-top-section elementor-element elementor-element-fbbe6bc elementor-section-boxed elementor-section-height-default elementor-section-height-default\" data-id=\"fbbe6bc\" data-element_type=\"section\">\n\t\t\t\t\t\t<div class=\"elementor-container elementor-column-gap-default\">\n\t\t\t\t\t<div class=\"elementor-column elementor-col-100 elementor-top-column elementor-element elementor-element-4b19fad\" data-id=\"4b19fad\" data-element_type=\"column\">\n\t\t\t<div class=\"elementor-widget-wrap elementor-element-populated\">\n\t\t\t\t\t\t<div class=\"elementor-element elementor-element-abf25f6 elementor-shape-circle elementor-grid-0 e-grid-align-center elementor-widget elementor-widget-social-icons\" data-id=\"abf25f6\" data-element_type=\"widget\" data-widget_type=\"social-icons.default\">\n\t\t\t\t<div class=\"elementor-widget-container\">\n\t\t\t\t\t<div class=\"elementor-social-icons-wrapper elementor-grid\">\n\t\t\t\t\t\t\t<span class=\"elementor-grid-item\">\n\t\t\t\t\t<a class=\"elementor-icon elementor-social-icon elementor-social-icon-instagram elementor-repeater-item-30e38be\" href=\"https:\/\/www.instagram.com\/land.icbusp\/\" target=\"_blank\">\n\t\t\t\t\t\t<span class=\"elementor-screen-only\">Instagram<\/span>\n\t\t\t\t\t\t<i class=\"fab fa-instagram\"><\/i>\t\t\t\t\t<\/a>\n\t\t\t\t<\/span>\n\t\t\t\t\t<\/div>\n\t\t\t\t<\/div>\n\t\t\t\t<\/div>\n\t\t\t\t\t<\/div>\n\t\t<\/div>\n\t\t\t\t\t<\/div>\n\t\t<\/section>\n\t\t\t\t<\/div>\n\t\t","protected":false},"excerpt":{"rendered":"<p>Cartilha: Dor, pra qu\u00ea te quero? Dor, pra qu\u00ea te quero? by Gabriele Muniz Costa Esse material foi desenvolvido pela aluna do curso de Ci\u00eancias Biom\u00e9dicas &#8211; ICB\/USP Gabriele, como um projeto de extens\u00e3o fomentado pelo PUB-USP,&nbsp; com o objetivo de apresentar os principais conceitos de dor para o grande p\u00fablico. Al\u00e9m disso essa iniciativa<a href=\"https:\/\/land.icb.usp.br\/pb\/cartilha\/\">[&#8230;]<\/a><\/p>\n","protected":false},"author":616,"featured_media":0,"parent":0,"menu_order":0,"comment_status":"closed","ping_status":"closed","template":"template-fullwidth-no-title.php","meta":{"footnotes":"","_links_to":"","_links_to_target":""},"class_list":["post-1299","page","type-page","status-publish","hentry"],"_links":{"self":[{"href":"https:\/\/land.icb.usp.br\/pb\/wp-json\/wp\/v2\/pages\/1299","targetHints":{"allow":["GET"]}}],"collection":[{"href":"https:\/\/land.icb.usp.br\/pb\/wp-json\/wp\/v2\/pages"}],"about":[{"href":"https:\/\/land.icb.usp.br\/pb\/wp-json\/wp\/v2\/types\/page"}],"author":[{"embeddable":true,"href":"https:\/\/land.icb.usp.br\/pb\/wp-json\/wp\/v2\/users\/616"}],"replies":[{"embeddable":true,"href":"https:\/\/land.icb.usp.br\/pb\/wp-json\/wp\/v2\/comments?post=1299"}],"version-history":[{"count":4,"href":"https:\/\/land.icb.usp.br\/pb\/wp-json\/wp\/v2\/pages\/1299\/revisions"}],"predecessor-version":[{"id":1365,"href":"https:\/\/land.icb.usp.br\/pb\/wp-json\/wp\/v2\/pages\/1299\/revisions\/1365"}],"wp:attachment":[{"href":"https:\/\/land.icb.usp.br\/pb\/wp-json\/wp\/v2\/media?parent=1299"}],"curies":[{"name":"wp","href":"https:\/\/api.w.org\/{rel}","templated":true}]}}