{"id":135,"date":"2017-07-17T10:32:17","date_gmt":"2017-07-17T12:32:17","guid":{"rendered":"http:\/\/sites.usp.br\/land\/?page_id=135"},"modified":"2024-11-05T09:26:26","modified_gmt":"2024-11-05T11:26:26","slug":"membrosatuais","status":"publish","type":"page","link":"https:\/\/land.icb.usp.br\/pb\/destaques\/apresentacao\/membrosatuais\/","title":{"rendered":"<td style=\"vertical-align: middle;\" width=\"400\">Membros Atuais <\/td>"},"content":{"rendered":"<p><a href=\"https:\/\/land.icb.usp.br\/wp-content\/uploads\/sites\/343\/2022\/07\/HEADER-DO-SITE-2-e1659193543336.png\"><img fetchpriority=\"high\" decoding=\"async\" class=\"aligncenter wp-image-1254\" src=\"https:\/\/land.icb.usp.br\/wp-content\/uploads\/sites\/343\/2022\/07\/HEADER-DO-SITE-2-e1659193543336-1024x250.png\" alt=\"\" width=\"1040\" height=\"254\" srcset=\"https:\/\/land.icb.usp.br\/wp-content\/uploads\/sites\/343\/2022\/07\/HEADER-DO-SITE-2-e1659193543336-1024x250.png 1024w, https:\/\/land.icb.usp.br\/wp-content\/uploads\/sites\/343\/2022\/07\/HEADER-DO-SITE-2-e1659193543336-300x73.png 300w, https:\/\/land.icb.usp.br\/wp-content\/uploads\/sites\/343\/2022\/07\/HEADER-DO-SITE-2-e1659193543336-768x188.png 768w, https:\/\/land.icb.usp.br\/wp-content\/uploads\/sites\/343\/2022\/07\/HEADER-DO-SITE-2-e1659193543336-400x98.png 400w, https:\/\/land.icb.usp.br\/wp-content\/uploads\/sites\/343\/2022\/07\/HEADER-DO-SITE-2-e1659193543336.png 1330w\" sizes=\"(max-width: 1040px) 100vw, 1040px\" \/><\/a><\/p>\n<p>&nbsp;<\/p>\n<p>&nbsp;<\/p>\n<p>&nbsp;<\/p>\n<table class=\"w3-table aligncenter\" style=\"width: 122.775%; border-style: solid; border-color: #cf9cff; height: 6203px;\" border=\"10\" cellspacing=\"5\" cellpadding=\"5\">\n<tbody>\n<tr style=\"border: 10; border-style: solid; border-color: #5934fa;\">\n<td style=\"width: 37.3326%; vertical-align: middle; height: 400px; border-style: solid; border-color: #f387ff; text-align: left;\" scope=\"row\" height=\"250\">\n<h5><strong><span style=\"color: #0000ff;\">Prof\u00aa.Dra\u00aa Marucia Chacur\u00a0<\/span> <a href=\"http:\/\/lattes.cnpq.br\/5352202573169558\" target=\"_blank\" rel=\"noopener\"><img decoding=\"async\" class=\"alignnone wp-image-511\" src=\"http:\/\/land.icb.usp.br\/wp-content\/uploads\/sites\/343\/2017\/07\/lattes-logo.jpg\" alt=\"\" width=\"15\" height=\"18\" \/><\/a><br \/>\n<\/strong><strong><span style=\"color: #008080;\">chacurm@icb.usp.br<\/span><\/strong><\/h5>\n<\/td>\n<td style=\"vertical-align: middle; width: 36.3321%; height: 400px; border-style: solid; border-color: #f387ff; text-align: left;\" scope=\"row\">\n<h5><strong>Professora Associada do Departamento de Anatomia e Respons\u00e1vel do Laborat\u00f3rio<\/strong><\/h5>\n<\/td>\n<td style=\"vertical-align: middle; width: 23.4421%; height: 400px; border-style: solid; border-color: #f387ff; text-align: center;\" scope=\"row\"><a href=\"https:\/\/land.icb.usp.br\/wp-content\/uploads\/sites\/343\/2024\/04\/WhatsApp-Image-2024-04-09-at-09.37.29.jpeg\"><img decoding=\"async\" class=\"aligncenter wp-image-1545\" src=\"https:\/\/land.icb.usp.br\/wp-content\/uploads\/sites\/343\/2024\/04\/WhatsApp-Image-2024-04-09-at-09.37.29-300x300.jpeg\" alt=\"\" width=\"255\" height=\"255\" srcset=\"https:\/\/land.icb.usp.br\/wp-content\/uploads\/sites\/343\/2024\/04\/WhatsApp-Image-2024-04-09-at-09.37.29-300x300.jpeg 300w, https:\/\/land.icb.usp.br\/wp-content\/uploads\/sites\/343\/2024\/04\/WhatsApp-Image-2024-04-09-at-09.37.29-150x150.jpeg 150w, https:\/\/land.icb.usp.br\/wp-content\/uploads\/sites\/343\/2024\/04\/WhatsApp-Image-2024-04-09-at-09.37.29-768x769.jpeg 768w, https:\/\/land.icb.usp.br\/wp-content\/uploads\/sites\/343\/2024\/04\/WhatsApp-Image-2024-04-09-at-09.37.29-250x250.jpeg 250w, https:\/\/land.icb.usp.br\/wp-content\/uploads\/sites\/343\/2024\/04\/WhatsApp-Image-2024-04-09-at-09.37.29-174x174.jpeg 174w, https:\/\/land.icb.usp.br\/wp-content\/uploads\/sites\/343\/2024\/04\/WhatsApp-Image-2024-04-09-at-09.37.29-45x45.jpeg 45w, https:\/\/land.icb.usp.br\/wp-content\/uploads\/sites\/343\/2024\/04\/WhatsApp-Image-2024-04-09-at-09.37.29-200x200.jpeg 200w, https:\/\/land.icb.usp.br\/wp-content\/uploads\/sites\/343\/2024\/04\/WhatsApp-Image-2024-04-09-at-09.37.29-400x400.jpeg 400w, https:\/\/land.icb.usp.br\/wp-content\/uploads\/sites\/343\/2024\/04\/WhatsApp-Image-2024-04-09-at-09.37.29.jpeg 959w\" sizes=\"(max-width: 255px) 100vw, 255px\" \/><\/a><\/p>\n<h5><\/h5>\n<\/td>\n<\/tr>\n<tr style=\"border-style: solid; border-color: #5934fa;\">\n<td style=\"vertical-align: middle; width: 37.3326%; height: 400px; border-style: solid; border-color: #a74aff;\" height=\"250\">\n<h5 style=\"text-align: left;\"><strong><span style=\"color: #0000ff;\">Dr\u00aa. Mara Evany de Oliveira Silva<\/span><\/strong> <strong><a href=\"http:\/\/lattes.cnpq.br\/3381445086971838\" target=\"_blank\" rel=\"noopener\"><img decoding=\"async\" class=\"alignnone wp-image-511\" src=\"http:\/\/land.icb.usp.br\/wp-content\/uploads\/sites\/343\/2017\/07\/lattes-logo.jpg\" alt=\"\" width=\"15\" height=\"18\" \/><\/a><br \/>\n<\/strong><\/h5>\n<\/td>\n<td style=\"vertical-align: middle; width: 36.3321%; height: 400px; border-style: solid; border-color: #a74aff;\">\n<h5><strong>2023-atual &#8211; P\u00f3s-doutoranda<\/strong><\/h5>\n<\/td>\n<td style=\"vertical-align: middle; width: 23.4421%; height: 400px; border-style: solid; border-color: #a74aff;\">\n<h5><a href=\"https:\/\/land.icb.usp.br\/wp-content\/uploads\/sites\/343\/2023\/03\/MARA.png\"><img loading=\"lazy\" decoding=\"async\" class=\"aligncenter wp-image-1371 \" src=\"https:\/\/land.icb.usp.br\/wp-content\/uploads\/sites\/343\/2023\/03\/MARA-150x150.png\" alt=\"\" width=\"250\" height=\"250\" \/><\/a><\/h5>\n<\/td>\n<\/tr>\n<tr style=\"border-style: solid; border-color: #5934fa;\">\n<td style=\"vertical-align: middle; width: 37.3326%; height: 400px; border-style: solid; border-color: #a74aff;\" height=\"250\">\n<h5><span style=\"color: #0000ff;\"><strong>Luara Caniato Araujo <\/strong><\/span><span style=\"color: #0000ff;\"><strong><a style=\"color: #0000ff;\" href=\"http:\/\/lattes.cnpq.br\/3065979754182042\" target=\"_blank\" rel=\"noopener\"><img decoding=\"async\" class=\"alignnone wp-image-511\" src=\"http:\/\/land.icb.usp.br\/wp-content\/uploads\/sites\/343\/2017\/07\/lattes-logo.jpg\" alt=\"\" width=\"15\" height=\"18\" \/><\/a><\/strong><\/span><span style=\"color: #008080;\"><strong><br \/>\n<\/strong><\/span><span style=\"color: #008080;\"><strong>luaracaniato@gmail.com<\/strong><\/span><\/h5>\n<\/td>\n<td style=\"vertical-align: middle; width: 36.3321%; height: 400px; border-style: solid; border-color: #a74aff;\">\n<h5><strong>2020-atual &#8211; Mestranda<\/strong><\/h5>\n<\/td>\n<td style=\"vertical-align: middle; width: 23.4421%; height: 400px; border-style: solid; border-color: #a74aff;\">\n<h5><a href=\"https:\/\/land.icb.usp.br\/wp-content\/uploads\/sites\/343\/2023\/03\/image-1-1-e1679575227974.png\"><img loading=\"lazy\" decoding=\"async\" class=\"aligncenter wp-image-1375 size-thumbnail\" src=\"https:\/\/land.icb.usp.br\/wp-content\/uploads\/sites\/343\/2023\/03\/image-1-1-e1679575227974-150x150.png\" alt=\"\" width=\"250\" height=\"250\" srcset=\"https:\/\/land.icb.usp.br\/wp-content\/uploads\/sites\/343\/2023\/03\/image-1-1-e1679575227974-150x150.png 150w, https:\/\/land.icb.usp.br\/wp-content\/uploads\/sites\/343\/2023\/03\/image-1-1-e1679575227974-300x300.png 300w, https:\/\/land.icb.usp.br\/wp-content\/uploads\/sites\/343\/2023\/03\/image-1-1-e1679575227974-768x768.png 768w, https:\/\/land.icb.usp.br\/wp-content\/uploads\/sites\/343\/2023\/03\/image-1-1-e1679575227974-250x250.png 250w, https:\/\/land.icb.usp.br\/wp-content\/uploads\/sites\/343\/2023\/03\/image-1-1-e1679575227974-174x174.png 174w, https:\/\/land.icb.usp.br\/wp-content\/uploads\/sites\/343\/2023\/03\/image-1-1-e1679575227974-45x45.png 45w, https:\/\/land.icb.usp.br\/wp-content\/uploads\/sites\/343\/2023\/03\/image-1-1-e1679575227974-200x200.png 200w, https:\/\/land.icb.usp.br\/wp-content\/uploads\/sites\/343\/2023\/03\/image-1-1-e1679575227974-400x400.png 400w, https:\/\/land.icb.usp.br\/wp-content\/uploads\/sites\/343\/2023\/03\/image-1-1-e1679575227974.png 900w\" sizes=\"(max-width: 250px) 100vw, 250px\" \/><\/a><\/h5>\n<\/td>\n<\/tr>\n<tr style=\"border-style: solid; border-color: #5934fa;\">\n<td style=\"vertical-align: middle; width: 37.3326%; height: 400px; border-style: solid; border-color: #a74aff;\" height=\"250\">\n<h5><span style=\"color: #0000ff;\"><strong> Mariana Ribeiro <\/strong><\/span><span style=\"color: #0000ff;\"><strong><a href=\"https:\/\/lattes.cnpq.br\/4123586995951346\"><img decoding=\"async\" class=\"alignnone wp-image-511\" src=\"http:\/\/land.icb.usp.br\/wp-content\/uploads\/sites\/343\/2017\/07\/lattes-logo.jpg\" alt=\"\" width=\"15\" height=\"18\" \/><\/a><\/strong><\/span><\/h5>\n<h5><span style=\"color: #008080;\"><strong>marianapribeiro20@gmail.com<\/strong><\/span><\/h5>\n<\/td>\n<td style=\"vertical-align: middle; width: 36.3321%; height: 400px; border-style: solid; border-color: #a74aff;\">\n<h5><strong>2023-atual &#8211; Mestranda<\/strong><\/h5>\n<\/td>\n<td style=\"vertical-align: middle; width: 23.4421%; height: 400px; border-style: solid; border-color: #a74aff;\">\n<h5><a href=\"https:\/\/land.icb.usp.br\/wp-content\/uploads\/sites\/343\/2023\/03\/image.png\"><img loading=\"lazy\" decoding=\"async\" class=\"aligncenter wp-image-1368\" src=\"https:\/\/land.icb.usp.br\/wp-content\/uploads\/sites\/343\/2023\/03\/image-e1678276712381-300x300.png\" alt=\"\" width=\"250\" height=\"250\" srcset=\"https:\/\/land.icb.usp.br\/wp-content\/uploads\/sites\/343\/2023\/03\/image-e1678276712381-300x300.png 300w, https:\/\/land.icb.usp.br\/wp-content\/uploads\/sites\/343\/2023\/03\/image-e1678276712381-150x150.png 150w, https:\/\/land.icb.usp.br\/wp-content\/uploads\/sites\/343\/2023\/03\/image-e1678276712381-250x250.png 250w, https:\/\/land.icb.usp.br\/wp-content\/uploads\/sites\/343\/2023\/03\/image-e1678276712381-174x174.png 174w, https:\/\/land.icb.usp.br\/wp-content\/uploads\/sites\/343\/2023\/03\/image-e1678276712381-45x45.png 45w, https:\/\/land.icb.usp.br\/wp-content\/uploads\/sites\/343\/2023\/03\/image-e1678276712381-200x200.png 200w, https:\/\/land.icb.usp.br\/wp-content\/uploads\/sites\/343\/2023\/03\/image-e1678276712381-400x400.png 400w, https:\/\/land.icb.usp.br\/wp-content\/uploads\/sites\/343\/2023\/03\/image-e1678276712381.png 706w\" sizes=\"(max-width: 250px) 100vw, 250px\" \/><\/a><\/h5>\n<\/td>\n<\/tr>\n<tr style=\"height: 257px;\">\n<td style=\"vertical-align: middle; width: 37.3326%; border-style: solid; border-color: #a74aff; height: 257px;\">\n<h5 style=\"text-align: left;\"><span style=\"color: #0000ff;\"><strong>Natasha Farias Marques <\/strong><\/span><a style=\"font-family: inherit; font-size: inherit;\" href=\"http:\/\/lattes.cnpq.br\/5319899684962366\"><span style=\"color: #0000ff;\"><strong><img loading=\"lazy\" decoding=\"async\" class=\"alignnone\" src=\"http:\/\/land.icb.usp.br\/wp-content\/uploads\/sites\/343\/2017\/07\/lattes-logo.jpg\" alt=\"\" width=\"16\" height=\"19\" \/><\/strong><\/span><\/a><\/h5>\n<h5><span style=\"color: #008080;\"><strong>natasha_marques@outlook.com<\/strong><\/span><\/h5>\n<h4 style=\"text-align: left;\"><\/h4>\n<h5><span style=\"color: #0000ff;\"><strong>\u00a0<\/strong><\/span><\/h5>\n<\/td>\n<td style=\"vertical-align: middle; width: 36.3321%; border-style: solid; border-color: #a74aff; height: 257px;\">\n<h5><\/h5>\n<p>&nbsp;<\/p>\n<h5 style=\"text-align: left;\"><strong>2019-2022 &#8211; Inicia\u00e7\u00e3o Cient\u00edfica <\/strong><\/h5>\n<h5 style=\"text-align: left;\"><strong>2024-atual &#8211; Mestranda<\/strong><\/h5>\n<p>&nbsp;<\/p>\n<p>&nbsp;<\/p>\n<h5><strong>\u00a0<\/strong><\/h5>\n<\/td>\n<td style=\"vertical-align: middle; width: 23.4421%; border-style: solid; border-color: #a74aff; height: 257px;\">\n<h5><img loading=\"lazy\" decoding=\"async\" class=\"aligncenter\" src=\"https:\/\/land.icb.usp.br\/wp-content\/uploads\/sites\/343\/2023\/03\/image-1-150x150.png\" width=\"212\" height=\"212\" \/><\/h5>\n<\/td>\n<\/tr>\n<tr style=\"height: 409px;\">\n<td style=\"vertical-align: middle; width: 37.3326%; border-style: solid; border-color: #a74aff; height: 409px;\">\n<h5><\/h5>\n<h5><span style=\"color: #0000ff;\"><strong>Maria Eduarda Rodrigues Santos <\/strong><\/span><a href=\"https:\/\/lattes.cnpq.br\/7856991783393109\"><span style=\"color: #0000ff;\"><strong><img decoding=\"async\" class=\"alignnone wp-image-511\" src=\"http:\/\/land.icb.usp.br\/wp-content\/uploads\/sites\/343\/2017\/07\/lattes-logo.jpg\" alt=\"\" width=\"15\" height=\"18\" \/><\/strong><\/span><\/a><\/h5>\n<h5><span style=\"color: #008080;\"><strong>madudars@hotmail.com<\/strong><\/span><\/h5>\n<h5><span style=\"color: #0000ff;\"><strong>\u00a0<\/strong><\/span><\/h5>\n<\/td>\n<td style=\"vertical-align: middle; width: 36.3321%; border-style: solid; border-color: #a74aff; height: 409px;\">\n<h5><\/h5>\n<h5><strong>2023-atual &#8211; Inicia\u00e7\u00e3o Cient\u00edfica<\/strong><\/h5>\n<h5><strong>\u00a0<\/strong><\/h5>\n<\/td>\n<td style=\"vertical-align: middle; width: 23.4421%; border-style: solid; border-color: #a74aff; height: 409px;\"><a href=\"https:\/\/land.icb.usp.br\/wp-content\/uploads\/sites\/343\/2023\/09\/Duda-1.jpeg\"><img loading=\"lazy\" decoding=\"async\" class=\"aligncenter wp-image-1411\" src=\"https:\/\/land.icb.usp.br\/wp-content\/uploads\/sites\/343\/2023\/09\/Duda-1-150x150.jpeg\" alt=\"\" width=\"249\" height=\"249\" srcset=\"https:\/\/land.icb.usp.br\/wp-content\/uploads\/sites\/343\/2023\/09\/Duda-1-150x150.jpeg 150w, https:\/\/land.icb.usp.br\/wp-content\/uploads\/sites\/343\/2023\/09\/Duda-1-250x250.jpeg 250w, https:\/\/land.icb.usp.br\/wp-content\/uploads\/sites\/343\/2023\/09\/Duda-1-174x174.jpeg 174w, https:\/\/land.icb.usp.br\/wp-content\/uploads\/sites\/343\/2023\/09\/Duda-1-45x45.jpeg 45w, https:\/\/land.icb.usp.br\/wp-content\/uploads\/sites\/343\/2023\/09\/Duda-1-200x200.jpeg 200w\" sizes=\"(max-width: 249px) 100vw, 249px\" \/><\/a><\/td>\n<\/tr>\n<tr style=\"height: 320px;\">\n<td style=\"vertical-align: middle; width: 37.3326%; border-style: solid; border-color: #a74aff; height: 320px;\">\n<h5 style=\"text-align: left;\"><span style=\"color: #0000ff;\"><strong>J\u00falia Gon\u00e7ales Assis\u00a0<\/strong><\/span><\/h5>\n<h5><span style=\"color: #008080;\"><strong>assis.julia16@gmail.com<\/strong><\/span><\/h5>\n<\/td>\n<td style=\"vertical-align: middle; width: 36.3321%; border-style: solid; border-color: #a74aff; height: 320px;\">\n<h5><\/h5>\n<p>&nbsp;<\/p>\n<p>&nbsp;<\/p>\n<h5 style=\"text-align: left;\"><strong>2023-atual &#8211; Inicia\u00e7\u00e3o Cient\u00edfica<\/strong><\/h5>\n<p>&nbsp;<\/p>\n<p>&nbsp;<\/p>\n<h5 style=\"text-align: left;\"><strong>\u00a0<\/strong><\/h5>\n<\/td>\n<td style=\"vertical-align: middle; width: 23.4421%; border-style: solid; border-color: #a74aff; height: 320px;\">\n<h4><\/h4>\n<p>&nbsp;<\/p>\n<h4><a href=\"https:\/\/land.icb.usp.br\/wp-content\/uploads\/sites\/343\/2024\/03\/image0-4.jpeg\"><img loading=\"lazy\" decoding=\"async\" class=\"aligncenter wp-image-1503\" src=\"https:\/\/land.icb.usp.br\/wp-content\/uploads\/sites\/343\/2024\/03\/image0-4-150x150.jpeg\" alt=\"\" width=\"250\" height=\"250\" srcset=\"https:\/\/land.icb.usp.br\/wp-content\/uploads\/sites\/343\/2024\/03\/image0-4-150x150.jpeg 150w, https:\/\/land.icb.usp.br\/wp-content\/uploads\/sites\/343\/2024\/03\/image0-4-250x250.jpeg 250w, https:\/\/land.icb.usp.br\/wp-content\/uploads\/sites\/343\/2024\/03\/image0-4-174x174.jpeg 174w, https:\/\/land.icb.usp.br\/wp-content\/uploads\/sites\/343\/2024\/03\/image0-4-45x45.jpeg 45w, https:\/\/land.icb.usp.br\/wp-content\/uploads\/sites\/343\/2024\/03\/image0-4-200x200.jpeg 200w\" sizes=\"(max-width: 250px) 100vw, 250px\" \/><\/a><\/h4>\n<p>&nbsp;<\/td>\n<\/tr>\n<tr style=\"height: 430px;\">\n<td style=\"vertical-align: middle; width: 37.3326%; border-style: solid; border-color: #a74aff; height: 430px;\">\n<h5 style=\"text-align: left;\"><span style=\"color: #0000ff;\"><strong>Hil\u00e1ria Conda Quimuanga<\/strong><\/span><\/h5>\n<h5><span style=\"color: #008080;\"><strong>hilariaconda@gmail.com<\/strong><\/span><\/h5>\n<h5 style=\"text-align: left;\"><span style=\"color: #0000ff;\"><strong>\u00a0<\/strong><\/span><\/h5>\n<\/td>\n<td style=\"vertical-align: middle; width: 36.3321%; border-style: solid; border-color: #a74aff; height: 430px;\">\n<h5 style=\"text-align: left;\"><strong>2024-atual &#8211; Inicia\u00e7\u00e3o Cient\u00edfica<\/strong><\/h5>\n<\/td>\n<td style=\"vertical-align: middle; width: 23.4421%; border-style: solid; border-color: #a74aff; height: 430px;\">&nbsp;<\/p>\n<p><a href=\"https:\/\/land.icb.usp.br\/wp-content\/uploads\/sites\/343\/2024\/03\/WhatsApp-Image-2024-03-20-at-14.52.30.jpeg\"><img loading=\"lazy\" decoding=\"async\" class=\"aligncenter wp-image-1523\" src=\"https:\/\/land.icb.usp.br\/wp-content\/uploads\/sites\/343\/2024\/03\/WhatsApp-Image-2024-03-20-at-14.52.30-150x150.jpeg\" alt=\"\" width=\"250\" height=\"250\" srcset=\"https:\/\/land.icb.usp.br\/wp-content\/uploads\/sites\/343\/2024\/03\/WhatsApp-Image-2024-03-20-at-14.52.30-150x150.jpeg 150w, https:\/\/land.icb.usp.br\/wp-content\/uploads\/sites\/343\/2024\/03\/WhatsApp-Image-2024-03-20-at-14.52.30-250x250.jpeg 250w, https:\/\/land.icb.usp.br\/wp-content\/uploads\/sites\/343\/2024\/03\/WhatsApp-Image-2024-03-20-at-14.52.30-174x174.jpeg 174w, https:\/\/land.icb.usp.br\/wp-content\/uploads\/sites\/343\/2024\/03\/WhatsApp-Image-2024-03-20-at-14.52.30-45x45.jpeg 45w, https:\/\/land.icb.usp.br\/wp-content\/uploads\/sites\/343\/2024\/03\/WhatsApp-Image-2024-03-20-at-14.52.30-200x200.jpeg 200w\" sizes=\"(max-width: 250px) 100vw, 250px\" \/><\/a><\/p>\n<p>&nbsp;<\/td>\n<\/tr>\n<tr>\n<td style=\"vertical-align: middle; width: 37.3326%; border-style: solid; border-color: #a74aff;\">\n<h5 style=\"text-align: left;\"><span style=\"color: #0000ff;\"><strong>Otavio R. P. Santos<\/strong><\/span><\/h5>\n<h5><span style=\"color: #008080;\"><strong>ricardo.palhano95@gmail.com<\/strong><\/span><\/h5>\n<h5 style=\"text-align: left;\"><span style=\"color: #0000ff;\"><strong>\u00a0<\/strong><\/span><\/h5>\n<\/td>\n<td style=\"vertical-align: middle; width: 36.3321%; border-style: solid; border-color: #a74aff;\">\n<h5 style=\"text-align: left;\"><strong>2024-atual- Inicia\u00e7\u00e3o Cient\u00edfica<\/strong><\/h5>\n<\/td>\n<td style=\"vertical-align: middle; width: 23.4421%; border-style: solid; border-color: #a74aff;\">&nbsp;<\/p>\n<p><a href=\"https:\/\/land.icb.usp.br\/wp-content\/uploads\/sites\/343\/2024\/10\/otavio-scaled-e1730292504298.jpg\"><img loading=\"lazy\" decoding=\"async\" class=\"aligncenter wp-image-1609\" src=\"https:\/\/land.icb.usp.br\/wp-content\/uploads\/sites\/343\/2024\/10\/otavio-scaled-e1730292504298-300x300.jpg\" alt=\"\" width=\"250\" height=\"250\" srcset=\"https:\/\/land.icb.usp.br\/wp-content\/uploads\/sites\/343\/2024\/10\/otavio-scaled-e1730292504298-300x300.jpg 300w, https:\/\/land.icb.usp.br\/wp-content\/uploads\/sites\/343\/2024\/10\/otavio-scaled-e1730292504298-1024x1024.jpg 1024w, https:\/\/land.icb.usp.br\/wp-content\/uploads\/sites\/343\/2024\/10\/otavio-scaled-e1730292504298-150x150.jpg 150w, https:\/\/land.icb.usp.br\/wp-content\/uploads\/sites\/343\/2024\/10\/otavio-scaled-e1730292504298-768x768.jpg 768w, https:\/\/land.icb.usp.br\/wp-content\/uploads\/sites\/343\/2024\/10\/otavio-scaled-e1730292504298-250x250.jpg 250w, https:\/\/land.icb.usp.br\/wp-content\/uploads\/sites\/343\/2024\/10\/otavio-scaled-e1730292504298-174x174.jpg 174w, https:\/\/land.icb.usp.br\/wp-content\/uploads\/sites\/343\/2024\/10\/otavio-scaled-e1730292504298-45x45.jpg 45w, https:\/\/land.icb.usp.br\/wp-content\/uploads\/sites\/343\/2024\/10\/otavio-scaled-e1730292504298-200x200.jpg 200w, https:\/\/land.icb.usp.br\/wp-content\/uploads\/sites\/343\/2024\/10\/otavio-scaled-e1730292504298-400x400.jpg 400w, https:\/\/land.icb.usp.br\/wp-content\/uploads\/sites\/343\/2024\/10\/otavio-scaled-e1730292504298.jpg 1149w\" sizes=\"(max-width: 250px) 100vw, 250px\" \/><\/a><\/p>\n<p>&nbsp;<\/td>\n<\/tr>\n<tr>\n<td style=\"vertical-align: middle; width: 37.3326%; border-style: solid; border-color: #a74aff;\">\n<h5 style=\"text-align: left;\"><span style=\"color: #0000ff;\"><strong>Matias Cardoso Grande<\/strong><\/span><\/h5>\n<h5><span style=\"color: #008080;\"><strong>matiascardosogrande@usp.br<\/strong><\/span><\/h5>\n<\/td>\n<td style=\"vertical-align: middle; width: 36.3321%; border-style: solid; border-color: #a74aff;\">\n<h5 style=\"text-align: left;\"><strong>2024-atual- Divulga\u00e7\u00e3o Cient\u00edfica<\/strong><\/h5>\n<\/td>\n<td style=\"vertical-align: middle; width: 23.4421%; border-style: solid; border-color: #a74aff;\"><\/td>\n<\/tr>\n<tr>\n<td style=\"vertical-align: middle; width: 37.3326%; border-style: solid; border-color: #a74aff;\">\n<h5 style=\"text-align: left;\"><span style=\"color: #0000ff;\"><strong>Camille\u00a0 de Oliveira Massarenti<\/strong><\/span><\/h5>\n<h5><span style=\"color: #008080;\"><strong>camillemassarenti@usp.br<\/strong><\/span><\/h5>\n<p>&nbsp;<\/td>\n<td style=\"vertical-align: middle; width: 36.3321%; border-style: solid; border-color: #a74aff;\">\n<h5 style=\"text-align: left;\"><strong>2024-atual- Divulga\u00e7\u00e3o Cient\u00edfica<\/strong><\/h5>\n<\/td>\n<td style=\"vertical-align: middle; width: 23.4421%; border-style: solid; border-color: #a74aff;\">&nbsp;<\/p>\n<p><a href=\"https:\/\/land.icb.usp.br\/wp-content\/uploads\/sites\/343\/2024\/10\/camille-1-scaled-e1730292364371.jpg\"><img loading=\"lazy\" decoding=\"async\" class=\"aligncenter wp-image-1610\" src=\"https:\/\/land.icb.usp.br\/wp-content\/uploads\/sites\/343\/2024\/10\/camille-1-scaled-e1730292364371-300x300.jpg\" alt=\"\" width=\"250\" height=\"250\" srcset=\"https:\/\/land.icb.usp.br\/wp-content\/uploads\/sites\/343\/2024\/10\/camille-1-scaled-e1730292364371-300x300.jpg 300w, https:\/\/land.icb.usp.br\/wp-content\/uploads\/sites\/343\/2024\/10\/camille-1-scaled-e1730292364371-1024x1024.jpg 1024w, https:\/\/land.icb.usp.br\/wp-content\/uploads\/sites\/343\/2024\/10\/camille-1-scaled-e1730292364371-150x150.jpg 150w, https:\/\/land.icb.usp.br\/wp-content\/uploads\/sites\/343\/2024\/10\/camille-1-scaled-e1730292364371-768x768.jpg 768w, https:\/\/land.icb.usp.br\/wp-content\/uploads\/sites\/343\/2024\/10\/camille-1-scaled-e1730292364371-1536x1536.jpg 1536w, https:\/\/land.icb.usp.br\/wp-content\/uploads\/sites\/343\/2024\/10\/camille-1-scaled-e1730292364371-250x250.jpg 250w, https:\/\/land.icb.usp.br\/wp-content\/uploads\/sites\/343\/2024\/10\/camille-1-scaled-e1730292364371-174x174.jpg 174w, https:\/\/land.icb.usp.br\/wp-content\/uploads\/sites\/343\/2024\/10\/camille-1-scaled-e1730292364371-45x45.jpg 45w, https:\/\/land.icb.usp.br\/wp-content\/uploads\/sites\/343\/2024\/10\/camille-1-scaled-e1730292364371-200x200.jpg 200w, https:\/\/land.icb.usp.br\/wp-content\/uploads\/sites\/343\/2024\/10\/camille-1-scaled-e1730292364371-400x400.jpg 400w, https:\/\/land.icb.usp.br\/wp-content\/uploads\/sites\/343\/2024\/10\/camille-1-scaled-e1730292364371.jpg 1920w\" sizes=\"(max-width: 250px) 100vw, 250px\" \/><\/a><\/p>\n<p>&nbsp;<\/td>\n<\/tr>\n<tr>\n<td style=\"vertical-align: middle; width: 37.3326%; border-style: solid; border-color: #a74aff;\">\n<h5 style=\"text-align: left;\"><span style=\"color: #0000ff;\"><strong>Danielle Paula Freitas Bataus da Silva<\/strong><\/span><\/h5>\n<h5><span style=\"color: #008080;\"><strong>dllfraitas@gmail.com<\/strong><\/span><\/h5>\n<h5 style=\"text-align: left;\"><span style=\"color: #0000ff;\"><strong>\u00a0<\/strong><\/span><\/h5>\n<\/td>\n<td style=\"vertical-align: middle; width: 36.3321%; border-style: solid; border-color: #a74aff;\">\n<h5 style=\"text-align: left;\"><strong>2024-atual &#8211; T\u00e9cnica de Laborat\u00f3rio<\/strong><\/h5>\n<\/td>\n<td style=\"vertical-align: middle; width: 23.4421%; border-style: solid; border-color: #a74aff;\">&nbsp;<\/p>\n<p><a href=\"https:\/\/land.icb.usp.br\/wp-content\/uploads\/sites\/343\/2021\/01\/Danielle.jpeg\"><img loading=\"lazy\" decoding=\"async\" class=\"aligncenter wp-image-1059\" src=\"https:\/\/land.icb.usp.br\/wp-content\/uploads\/sites\/343\/2021\/01\/Danielle-300x300.jpeg\" alt=\"\" width=\"250\" height=\"250\" srcset=\"https:\/\/land.icb.usp.br\/wp-content\/uploads\/sites\/343\/2021\/01\/Danielle-300x300.jpeg 300w, https:\/\/land.icb.usp.br\/wp-content\/uploads\/sites\/343\/2021\/01\/Danielle-150x150.jpeg 150w, https:\/\/land.icb.usp.br\/wp-content\/uploads\/sites\/343\/2021\/01\/Danielle-250x250.jpeg 250w, https:\/\/land.icb.usp.br\/wp-content\/uploads\/sites\/343\/2021\/01\/Danielle-174x174.jpeg 174w, https:\/\/land.icb.usp.br\/wp-content\/uploads\/sites\/343\/2021\/01\/Danielle-45x45.jpeg 45w, https:\/\/land.icb.usp.br\/wp-content\/uploads\/sites\/343\/2021\/01\/Danielle-200x200.jpeg 200w, https:\/\/land.icb.usp.br\/wp-content\/uploads\/sites\/343\/2021\/01\/Danielle-400x399.jpeg 400w, https:\/\/land.icb.usp.br\/wp-content\/uploads\/sites\/343\/2021\/01\/Danielle.jpeg 720w\" sizes=\"(max-width: 250px) 100vw, 250px\" \/><\/a><\/p>\n<p>&nbsp;<\/td>\n<\/tr>\n<\/tbody>\n<\/table>\n<p>&nbsp;<\/p>\n","protected":false},"excerpt":{"rendered":"<p>&nbsp; &nbsp; &nbsp; Prof\u00aa.Dra\u00aa Marucia Chacur\u00a0 chacurm@icb.usp.br Professora Associada do Departamento de Anatomia e Respons\u00e1vel do Laborat\u00f3rio Dr\u00aa. Mara Evany de Oliveira Silva 2023-atual &#8211; P\u00f3s-doutoranda Luara Caniato Araujo luaracaniato@gmail.com 2020-atual &#8211; Mestranda Mariana Ribeiro marianapribeiro20@gmail.com 2023-atual &#8211; Mestranda Natasha Farias Marques natasha_marques@outlook.com \u00a0 &nbsp; 2019-2022 &#8211; Inicia\u00e7\u00e3o Cient\u00edfica 2024-atual &#8211; Mestranda &nbsp; &nbsp; \u00a0<a href=\"https:\/\/land.icb.usp.br\/pb\/destaques\/apresentacao\/membrosatuais\/\">[&#8230;]<\/a><\/p>\n","protected":false},"author":1,"featured_media":1130,"parent":62,"menu_order":0,"comment_status":"closed","ping_status":"closed","template":"","meta":{"footnotes":"","_links_to":"","_links_to_target":""},"class_list":["post-135","page","type-page","status-publish","has-post-thumbnail","hentry"],"_links":{"self":[{"href":"https:\/\/land.icb.usp.br\/pb\/wp-json\/wp\/v2\/pages\/135","targetHints":{"allow":["GET"]}}],"collection":[{"href":"https:\/\/land.icb.usp.br\/pb\/wp-json\/wp\/v2\/pages"}],"about":[{"href":"https:\/\/land.icb.usp.br\/pb\/wp-json\/wp\/v2\/types\/page"}],"author":[{"embeddable":true,"href":"https:\/\/land.icb.usp.br\/pb\/wp-json\/wp\/v2\/users\/1"}],"replies":[{"embeddable":true,"href":"https:\/\/land.icb.usp.br\/pb\/wp-json\/wp\/v2\/comments?post=135"}],"version-history":[{"count":5,"href":"https:\/\/land.icb.usp.br\/pb\/wp-json\/wp\/v2\/pages\/135\/revisions"}],"predecessor-version":[{"id":1616,"href":"https:\/\/land.icb.usp.br\/pb\/wp-json\/wp\/v2\/pages\/135\/revisions\/1616"}],"up":[{"embeddable":true,"href":"https:\/\/land.icb.usp.br\/pb\/wp-json\/wp\/v2\/pages\/62"}],"wp:featuredmedia":[{"embeddable":true,"href":"https:\/\/land.icb.usp.br\/pb\/wp-json\/wp\/v2\/media\/1130"}],"wp:attachment":[{"href":"https:\/\/land.icb.usp.br\/pb\/wp-json\/wp\/v2\/media?parent=135"}],"curies":[{"name":"wp","href":"https:\/\/api.w.org\/{rel}","templated":true}]}}