{"id":417,"date":"2017-12-04T13:20:53","date_gmt":"2017-12-04T15:20:53","guid":{"rendered":"http:\/\/sites.usp.br\/land\/?page_id=417"},"modified":"2018-07-23T11:44:58","modified_gmt":"2018-07-23T13:44:58","slug":"dor-e-nocicepcao","status":"publish","type":"page","link":"https:\/\/land.icb.usp.br\/pb\/dor-e-nocicepcao\/","title":{"rendered":"Dor e nocicep\u00e7\u00e3o"},"content":{"rendered":"<p style=\"text-align: justify\"><span style=\"color: #003366\">A dor foi definida pela <span style=\"color: #3366ff\"><a style=\"color: #3366ff\" href=\"https:\/\/www.iasp-pain.org\/\" target=\"_blank\" rel=\"noopener noreferrer\">Associa\u00e7\u00e3o Internacional para o Estudo da Dor<\/a><\/span> em 2016 como \u201cuma experi\u00eancia angustiante associada a uma les\u00e3o tecidual atual ou potencial com componentes sensoriais, emocionais, cognitivos e sociais\u201d. A dor fisiol\u00f3gica \u00e9 um reflexo protetor do organismo, para evitar uma inj\u00faria ou dano tecidual. Frente \u00e0 les\u00e3o tecidual a dor patol\u00f3gica providenciar\u00e1 condi\u00e7\u00f5es para a cicatriza\u00e7\u00e3o.<\/span><\/p>\n<p style=\"text-align: justify\"><span style=\"color: #003366\">Uma vez instalada a inj\u00faria pode se introduzir o conceito de dor patol\u00f3gica que, segundo sua origem, pode ser classificada como nociceptiva (som\u00e1tica ou visceral) ou neurop\u00e1tica. A dor pode tamb\u00e9m ser classificada segundo determina\u00e7\u00e3o temporal em dor aguda ou cr\u00f4nica.<\/span><\/p>\n<p style=\"text-align: justify\"><span style=\"color: #003366\">O componente fisiol\u00f3gico da dor \u00e9 chamado nocicep\u00e7\u00e3o, que consiste dos processos de transdu\u00e7\u00e3o, transmiss\u00e3o e modula\u00e7\u00e3o de sinais neurais gerados em resposta a um est\u00edmulo nocivo externo. De forma simplificada, pode ser considerado como uma cadeia de tr\u00eas-neur\u00f4nios, com o neur\u00f4nio de primeira ordem originado na periferia e projetando-se para a medula espinhal, o neur\u00f4nio de segunda ordem ascende pela medula espinhal e o neur\u00f4nio de terceira ordem projeta-se para o c\u00f3rtex cerebral.<\/span><\/p>\n<p style=\"text-align: justify\"><span style=\"color: #003366\"><a style=\"color: #003366\" href=\"http:\/\/sites.usp.br\/land\/wp-content\/uploads\/sites\/343\/2017\/12\/nocicep\u00e7\u00e3o.png\"><img fetchpriority=\"high\" decoding=\"async\" class=\" wp-image-614 aligncenter\" src=\"http:\/\/sites.usp.br\/land\/wp-content\/uploads\/sites\/343\/2017\/12\/nocicep\u00e7\u00e3o.png\" alt=\"\" width=\"648\" height=\"448\" srcset=\"https:\/\/land.icb.usp.br\/wp-content\/uploads\/sites\/343\/2017\/12\/nocicep\u00e7\u00e3o.png 772w, https:\/\/land.icb.usp.br\/wp-content\/uploads\/sites\/343\/2017\/12\/nocicep\u00e7\u00e3o-300x208.png 300w, https:\/\/land.icb.usp.br\/wp-content\/uploads\/sites\/343\/2017\/12\/nocicep\u00e7\u00e3o-768x531.png 768w, https:\/\/land.icb.usp.br\/wp-content\/uploads\/sites\/343\/2017\/12\/nocicep\u00e7\u00e3o-400x277.png 400w\" sizes=\"(max-width: 648px) 100vw, 648px\" \/><\/a><\/span><\/p>\n<p style=\"text-align: justify\"><span style=\"color: #003366\">O primeiro processo da nocicep\u00e7\u00e3o \u00e9 a decodifica\u00e7\u00e3o de sensa\u00e7\u00f5es mec\u00e2nica, t\u00e9rmica e qu\u00edmica em impulsos el\u00e9tricos por terminais nervosos especializados denominados nociceptores. Os nociceptores s\u00e3o termina\u00e7\u00f5es nervosas livres dos neur\u00f4nios de primeira ordem, cuja fun\u00e7\u00e3o \u00e9 preservar a homeostasia tecidual, assinalando uma inj\u00faria potencial ou real. Os neur\u00f4nios de primeira ordem s\u00e3o classificados em tr\u00eas grandes grupos, segundo seu di\u00e2metro, seu grau de mieliniza\u00e7\u00e3o e sua velocidade de condu\u00e7\u00e3o: Fibras A\u03b2, Fibras A\u03b4 e Fibras C. Uma vez instalado o est\u00edmulo nociceptivo, diversas altera\u00e7\u00f5es neuroend\u00f3crinas acontecem, promovendo um estado de hiperexcitabilidade do sistema nervoso central e perif\u00e9rico. \u00a0\u00a0\u00a0<\/span><\/p>\n<p style=\"text-align: justify\"><span style=\"color: #003366\"><a style=\"color: #003366\" href=\"http:\/\/sites.usp.br\/land\/wp-content\/uploads\/sites\/343\/2017\/12\/etapas-da-nocicep\u00e7\u00e3o.png\"><img decoding=\"async\" class=\" wp-image-613 aligncenter\" src=\"http:\/\/sites.usp.br\/land\/wp-content\/uploads\/sites\/343\/2017\/12\/etapas-da-nocicep\u00e7\u00e3o.png\" alt=\"\" width=\"649\" height=\"479\" srcset=\"https:\/\/land.icb.usp.br\/wp-content\/uploads\/sites\/343\/2017\/12\/etapas-da-nocicep\u00e7\u00e3o.png 848w, https:\/\/land.icb.usp.br\/wp-content\/uploads\/sites\/343\/2017\/12\/etapas-da-nocicep\u00e7\u00e3o-300x221.png 300w, https:\/\/land.icb.usp.br\/wp-content\/uploads\/sites\/343\/2017\/12\/etapas-da-nocicep\u00e7\u00e3o-768x567.png 768w, https:\/\/land.icb.usp.br\/wp-content\/uploads\/sites\/343\/2017\/12\/etapas-da-nocicep\u00e7\u00e3o-80x60.png 80w, https:\/\/land.icb.usp.br\/wp-content\/uploads\/sites\/343\/2017\/12\/etapas-da-nocicep\u00e7\u00e3o-400x295.png 400w\" sizes=\"(max-width: 649px) 100vw, 649px\" \/><\/a><\/span><\/p>\n<p style=\"text-align: justify\"><\/p>\n<p style=\"text-align: justify\"><\/p>\n<p style=\"text-align: justify\"><img loading=\"lazy\" decoding=\"async\" class=\"aligncenter\" src=\"http:\/\/slideplayer.info\/7627560\/25\/images\/8\/Nociception+Perception+Modulation+Transmission+Transduction+Pain.jpg\" alt=\"Resultado de imagem para nociception transduction modulation\" width=\"823\" height=\"617\" \/><\/p>\n<p>O primeiro processo da nocicep\u00e7\u00e3o \u00e9 a decodifica\u00e7\u00e3o de sensa\u00e7\u00f5es mec\u00e2nica, t\u00e9rmica e qu\u00edmica em impulsos el\u00e9tricos por terminais nervosos especializados denominados nociceptores. Os nociceptores s\u00e3o termina\u00e7\u00f5es nervosas livres dos neur\u00f4nios de primeira ordem, cuja fun\u00e7\u00e3o \u00e9 preservar a homeostasia tecidual, assinalando uma inj\u00faria potencial ou real. Os neur\u00f4nios de primeira ordem s\u00e3o classificados em tr\u00eas grandes grupos, segundo seu di\u00e2metro, seu grau de mieliniza\u00e7\u00e3o e sua velocidade de condu\u00e7\u00e3o: Fibras A\u03b2, Fibras A\u03b4 e Fibras C. Uma vez instalado o est\u00edmulo nociceptivo, diversas altera\u00e7\u00f5es neuroend\u00f3crinas acontecem, promovendo um estado de hiperexcitabilidade do sistema nervoso central e perif\u00e9rico.<\/p>","protected":false},"excerpt":{"rendered":"<p>A dor foi definida pela Associa\u00e7\u00e3o Internacional para o Estudo da Dor em 2016 como \u201cuma experi\u00eancia angustiante associada a uma les\u00e3o tecidual atual ou potencial com componentes sensoriais, emocionais, cognitivos e sociais\u201d. A dor fisiol\u00f3gica \u00e9 um reflexo protetor do organismo, para evitar uma inj\u00faria ou dano tecidual. Frente \u00e0 les\u00e3o tecidual a dor<a href=\"https:\/\/land.icb.usp.br\/pb\/dor-e-nocicepcao\/\">[&#8230;]<\/a><\/p>\n","protected":false},"author":616,"featured_media":0,"parent":0,"menu_order":0,"comment_status":"closed","ping_status":"closed","template":"","meta":{"footnotes":"","_links_to":"","_links_to_target":""},"class_list":["post-417","page","type-page","status-publish","hentry"],"_links":{"self":[{"href":"https:\/\/land.icb.usp.br\/pb\/wp-json\/wp\/v2\/pages\/417","targetHints":{"allow":["GET"]}}],"collection":[{"href":"https:\/\/land.icb.usp.br\/pb\/wp-json\/wp\/v2\/pages"}],"about":[{"href":"https:\/\/land.icb.usp.br\/pb\/wp-json\/wp\/v2\/types\/page"}],"author":[{"embeddable":true,"href":"https:\/\/land.icb.usp.br\/pb\/wp-json\/wp\/v2\/users\/616"}],"replies":[{"embeddable":true,"href":"https:\/\/land.icb.usp.br\/pb\/wp-json\/wp\/v2\/comments?post=417"}],"version-history":[{"count":4,"href":"https:\/\/land.icb.usp.br\/pb\/wp-json\/wp\/v2\/pages\/417\/revisions"}],"predecessor-version":[{"id":799,"href":"https:\/\/land.icb.usp.br\/pb\/wp-json\/wp\/v2\/pages\/417\/revisions\/799"}],"wp:attachment":[{"href":"https:\/\/land.icb.usp.br\/pb\/wp-json\/wp\/v2\/media?parent=417"}],"curies":[{"name":"wp","href":"https:\/\/api.w.org\/{rel}","templated":true}]}}