{"id":62,"date":"2014-02-12T11:28:30","date_gmt":"2014-02-12T13:28:30","guid":{"rendered":"http:\/\/sites.usp.br\/land\/?page_id=62"},"modified":"2024-03-12T15:39:31","modified_gmt":"2024-03-12T17:39:31","slug":"apresentacao","status":"publish","type":"page","link":"https:\/\/land.icb.usp.br\/pb\/destaques\/apresentacao\/","title":{"rendered":"Apresenta\u00e7\u00e3o"},"content":{"rendered":"\r\n\t<div class=\"slideshow_container slideshow_container_style-light\" style=\"height: 292px; \" data-slideshow-id=\"363\" data-style-name=\"style-light\" data-style-version=\"2.3.1\" >\r\n\r\n\t\t\t\t\t<div class=\"slideshow_loading_icon\"><\/div>\r\n\t\t\r\n\t\t<div class=\"slideshow_content\" style=\"display: none;\">\r\n\r\n\t\t\t<div class=\"slideshow_view\">\r\n\t\t\t\t<div class=\"slideshow_slide slideshow_slide_image\">\r\n\t\t\t\t\t\t\t\t\t\t\t<img src=\"https:\/\/land.icb.usp.br\/wp-content\/uploads\/sites\/343\/2017\/11\/logo-camilla.jpg\" alt=\"logo camilla\" width=\"208\" height=\"419\" \/>\r\n\t\t\t\t\t\t\t\t\t\t<div class=\"slideshow_description_box slideshow_transparent\">\r\n\t\t\t\t\t\t<div class=\"slideshow_title\">logo camilla<\/div>\t\t\t\t\t\t\t\t\t\t\t<\/div>\r\n\t\t\t\t<\/div>\r\n\r\n\t\t\t\t\t\t<div style=\"clear: both;\"><\/div><\/div><div class=\"slideshow_view\">\r\n\t\t\t\t<div class=\"slideshow_slide slideshow_slide_image\">\r\n\t\t\t\t\t\t\t\t\t\t\t<img src=\"https:\/\/land.icb.usp.br\/wp-content\/uploads\/sites\/343\/2017\/11\/cropped-LOGO-PARA-SITE-PRONTO-1.png\" alt=\"cropped-LOGO-PARA-SITE-PRONTO-1.png\" width=\"1000\" height=\"1043\" \/>\r\n\t\t\t\t\t\t\t\t\t\t<div class=\"slideshow_description_box slideshow_transparent\">\r\n\t\t\t\t\t\t<div class=\"slideshow_title\">cropped-LOGO-PARA-SITE-PRONTO-1.png<\/div>\t\t\t\t\t\t\t\t\t\t\t<\/div>\r\n\t\t\t\t<\/div>\r\n\r\n\t\t\t\t\t\t<div style=\"clear: both;\"><\/div><\/div><div class=\"slideshow_view\">\r\n\t\t\t\t<div class=\"slideshow_slide slideshow_slide_image\">\r\n\t\t\t\t\t\t\t\t\t\t\t<img src=\"https:\/\/land.icb.usp.br\/wp-content\/uploads\/sites\/343\/2014\/02\/icb-3.jpg\" alt=\"icb 3\" width=\"1772\" height=\"1181\" \/>\r\n\t\t\t\t\t\t\t\t\t\t<div class=\"slideshow_description_box slideshow_transparent\">\r\n\t\t\t\t\t\t<div class=\"slideshow_title\">icb 3<\/div>\t\t\t\t\t\t\t\t\t\t\t<\/div>\r\n\t\t\t\t<\/div>\r\n\r\n\t\t\t\t\t\t<div style=\"clear: both;\"><\/div><\/div><div class=\"slideshow_view\">\r\n\t\t\t\t<div class=\"slideshow_slide slideshow_slide_image\">\r\n\t\t\t\t\t\t\t\t\t\t\t<img src=\"https:\/\/land.icb.usp.br\/wp-content\/uploads\/sites\/343\/2014\/02\/fachada-icb3.png\" alt=\"fachada icb3\" width=\"781\" height=\"439\" \/>\r\n\t\t\t\t\t\t\t\t\t\t<div class=\"slideshow_description_box slideshow_transparent\">\r\n\t\t\t\t\t\t<div class=\"slideshow_title\">fachada icb3<\/div>\t\t\t\t\t\t\t\t\t\t\t<\/div>\r\n\t\t\t\t<\/div>\r\n\r\n\t\t\t\t\t\t<div style=\"clear: both;\"><\/div><\/div><div class=\"slideshow_view\">\r\n\t\t\t\t<div class=\"slideshow_slide slideshow_slide_image\">\r\n\t\t\t\t\t\t\t\t\t\t\t<img src=\"https:\/\/land.icb.usp.br\/wp-content\/uploads\/sites\/343\/2014\/02\/cropped-icb-3.jpg\" alt=\"cropped-icb-3.jpg\" width=\"1000\" height=\"288\" \/>\r\n\t\t\t\t\t\t\t\t\t\t<div class=\"slideshow_description_box slideshow_transparent\">\r\n\t\t\t\t\t\t<div class=\"slideshow_title\">cropped-icb-3.jpg<\/div>\t\t\t\t\t\t\t\t\t\t\t<\/div>\r\n\t\t\t\t<\/div>\r\n\r\n\t\t\t\t\t\t<div style=\"clear: both;\"><\/div><\/div>\r\n\t\t<\/div>\r\n\r\n\t\t<div class=\"slideshow_controlPanel slideshow_transparent\" style=\"display: none;\"><ul><li class=\"slideshow_togglePlay\" data-play-text=\"Acionar\" data-pause-text=\"Pausar\"><\/li><\/ul><\/div>\r\n\r\n\t\t<div class=\"slideshow_button slideshow_previous slideshow_transparent\" role=\"button\" data-previous-text=\"Anterior\" style=\"display: none;\"><\/div>\r\n\t\t<div class=\"slideshow_button slideshow_next slideshow_transparent\" role=\"button\" data-next-text=\"Pr\u00f3ximo\" style=\"display: none;\"><\/div>\r\n\r\n\t\t<div class=\"slideshow_pagination\" style=\"display: none;\" data-go-to-text=\"Ir para o slide\"><div class=\"slideshow_pagination_center\"><\/div><\/div>\r\n\r\n\t\t<!-- WordPress Slideshow Version 2.3.1 -->\r\n\r\n\t\t\t<\/div>\r\n\r\n\n<p><\/p>\n<p style=\"text-align: justify;\"><span style=\"color: #3366ff;\"><span style=\"color: #003366;\">O LAND \u00e9 um dos laborat\u00f3rios de Pesquisa do<\/span> <a style=\"color: #3366ff;\" href=\"http:\/\/www.icb.usp.br\/~anat\/\" target=\"_blank\" rel=\"noopener noreferrer\">Departamento de Anatomia<\/a> <span style=\"color: #003366;\">do<\/span> <a style=\"color: #3366ff;\" href=\"https:\/\/ww2.icb.usp.br\/icb\/\" target=\"_blank\" rel=\"noopener noreferrer\">Instituto de Ci\u00eancias Biom\u00e9dicas<\/a>\u00a0<span style=\"color: #003366;\">da<\/span>\u00a0\u00a0<a style=\"color: #3366ff;\" href=\"http:\/\/www5.usp.br\/\" target=\"_blank\" rel=\"noopener noreferrer\">Universidade de S\u00e3o Paulo<\/a>. \u00a0<span style=\"color: #003366;\">O seu objetivo principal \u00e9 investigar os aspectos neuroanat\u00f4micos da fisiopatologia da dor em diferentes modelos comportamentais. Ainda, avaliar o poss\u00edvel papel de terapias n\u00e3o farmacol\u00f3gicas como uma forma de melhora no tratamento convencional, observando poss\u00edveis altera\u00e7\u00f5es das c\u00e9lulas gliais, citocinas, \u00f3xido n\u00edtrico e diversos mediadores inflamat\u00f3rios, correlacionando com modelos comportamentais nociceptivos ap\u00f3s les\u00e3o aguda e\/ou cr\u00f4nica do m\u00fasculo gastrocn\u00eamio e nervo isqui\u00e1tico.\u00a0<\/span><\/span><\/p>\n<p style=\"text-align: justify;\"><\/p>\n<div style=\"width: 480px;\" class=\"wp-video\"><video class=\"wp-video-shortcode\" id=\"video-62-1\" width=\"480\" height=\"272\" preload=\"metadata\" controls=\"controls\"><source type=\"video\/mp4\" src=\"https:\/\/land.icb.usp.br\/wp-content\/uploads\/sites\/343\/2024\/03\/video-fapesp.mp4?_=1\" \/><a href=\"https:\/\/land.icb.usp.br\/wp-content\/uploads\/sites\/343\/2024\/03\/video-fapesp.mp4\">https:\/\/land.icb.usp.br\/wp-content\/uploads\/sites\/343\/2024\/03\/video-fapesp.mp4<\/a><\/video><\/div>","protected":false},"excerpt":{"rendered":"<p>O LAND \u00e9 um dos laborat\u00f3rios de Pesquisa do Departamento de Anatomia do Instituto de Ci\u00eancias Biom\u00e9dicas\u00a0da\u00a0\u00a0Universidade de S\u00e3o Paulo. \u00a0O seu objetivo principal \u00e9 investigar os aspectos neuroanat\u00f4micos da fisiopatologia da dor em diferentes modelos comportamentais. Ainda, avaliar o poss\u00edvel papel de terapias n\u00e3o farmacol\u00f3gicas como uma forma de melhora no tratamento convencional, observando<a href=\"https:\/\/land.icb.usp.br\/pb\/destaques\/apresentacao\/\">[&#8230;]<\/a><\/p>\n","protected":false},"author":1,"featured_media":0,"parent":425,"menu_order":0,"comment_status":"closed","ping_status":"closed","template":"","meta":{"footnotes":"","_links_to":"","_links_to_target":""},"class_list":["post-62","page","type-page","status-publish","hentry"],"_links":{"self":[{"href":"https:\/\/land.icb.usp.br\/pb\/wp-json\/wp\/v2\/pages\/62","targetHints":{"allow":["GET"]}}],"collection":[{"href":"https:\/\/land.icb.usp.br\/pb\/wp-json\/wp\/v2\/pages"}],"about":[{"href":"https:\/\/land.icb.usp.br\/pb\/wp-json\/wp\/v2\/types\/page"}],"author":[{"embeddable":true,"href":"https:\/\/land.icb.usp.br\/pb\/wp-json\/wp\/v2\/users\/1"}],"replies":[{"embeddable":true,"href":"https:\/\/land.icb.usp.br\/pb\/wp-json\/wp\/v2\/comments?post=62"}],"version-history":[{"count":5,"href":"https:\/\/land.icb.usp.br\/pb\/wp-json\/wp\/v2\/pages\/62\/revisions"}],"predecessor-version":[{"id":1482,"href":"https:\/\/land.icb.usp.br\/pb\/wp-json\/wp\/v2\/pages\/62\/revisions\/1482"}],"up":[{"embeddable":true,"href":"https:\/\/land.icb.usp.br\/pb\/wp-json\/wp\/v2\/pages\/425"}],"wp:attachment":[{"href":"https:\/\/land.icb.usp.br\/pb\/wp-json\/wp\/v2\/media?parent=62"}],"curies":[{"name":"wp","href":"https:\/\/api.w.org\/{rel}","templated":true}]}}