{"id":79,"date":"2014-02-24T16:51:20","date_gmt":"2014-02-24T18:51:20","guid":{"rendered":"http:\/\/sites.usp.br\/land\/?page_id=79"},"modified":"2018-07-23T14:34:56","modified_gmt":"2018-07-23T16:34:56","slug":"pagina-inicial","status":"publish","type":"page","link":"https:\/\/land.icb.usp.br\/pb\/pagina-inicial\/","title":{"rendered":"P\u00e1gina Inicial"},"content":{"rendered":"<p><i>\r\n\t<div class=\"slideshow_container slideshow_container_style-light\" style=\"height: 292px; \" data-slideshow-id=\"82\" data-style-name=\"style-light\" data-style-version=\"2.3.1\" >\r\n\r\n\t\t\t\t\t<div class=\"slideshow_loading_icon\"><\/div>\r\n\t\t\r\n\t\t<div class=\"slideshow_content\" style=\"display: none;\">\r\n\r\n\t\t\t<div class=\"slideshow_view\">\r\n\t\t\t\t<div class=\"slideshow_slide slideshow_slide_image\">\r\n\t\t\t\t\t\t\t\t\t\t\t<img src=\"https:\/\/land.icb.usp.br\/wp-content\/uploads\/sites\/343\/2014\/09\/usp-fotos-historicas-3.jpg\" alt=\"usp-fotos-historicas-3\" width=\"940\" height=\"292\" \/>\r\n\t\t\t\t\t\t\t\t\t\t<div class=\"slideshow_description_box slideshow_transparent\">\r\n\t\t\t\t\t\t<div class=\"slideshow_title\">usp-fotos-historicas-3<\/div>\t\t\t\t\t\t\t\t\t\t\t<\/div>\r\n\t\t\t\t<\/div>\r\n\r\n\t\t\t\t\t\t<div style=\"clear: both;\"><\/div><\/div><div class=\"slideshow_view\">\r\n\t\t\t\t<div class=\"slideshow_slide slideshow_slide_image\">\r\n\t\t\t\t\t\t\t\t\t\t\t<img src=\"https:\/\/land.icb.usp.br\/wp-content\/uploads\/sites\/343\/2014\/09\/usp-fotos-historicas-2.jpg\" alt=\"usp-fotos-historicas-2\" width=\"940\" height=\"292\" \/>\r\n\t\t\t\t\t\t\t\t\t\t<div class=\"slideshow_description_box slideshow_transparent\">\r\n\t\t\t\t\t\t<div class=\"slideshow_title\">usp-fotos-historicas-2<\/div>\t\t\t\t\t\t\t\t\t\t\t<\/div>\r\n\t\t\t\t<\/div>\r\n\r\n\t\t\t\t\t\t<div style=\"clear: both;\"><\/div><\/div><div class=\"slideshow_view\">\r\n\t\t\t\t<div class=\"slideshow_slide slideshow_slide_image\">\r\n\t\t\t\t\t\t\t\t\t\t\t<img src=\"https:\/\/land.icb.usp.br\/wp-content\/uploads\/sites\/343\/2014\/09\/usp-fotos-historicas.jpg\" alt=\"usp-fotos-historicas\" width=\"940\" height=\"292\" \/>\r\n\t\t\t\t\t\t\t\t\t\t<div class=\"slideshow_description_box slideshow_transparent\">\r\n\t\t\t\t\t\t<div class=\"slideshow_title\">usp-fotos-historicas<\/div>\t\t\t\t\t\t\t\t\t\t\t<\/div>\r\n\t\t\t\t<\/div>\r\n\r\n\t\t\t\t\t\t<div style=\"clear: both;\"><\/div><\/div>\r\n\t\t<\/div>\r\n\r\n\t\t<div class=\"slideshow_controlPanel slideshow_transparent\" style=\"display: none;\"><ul><li class=\"slideshow_togglePlay\" data-play-text=\"Acionar\" data-pause-text=\"Pausar\"><\/li><\/ul><\/div>\r\n\r\n\t\t<div class=\"slideshow_button slideshow_previous slideshow_transparent\" role=\"button\" data-previous-text=\"Anterior\" style=\"display: none;\"><\/div>\r\n\t\t<div class=\"slideshow_button slideshow_next slideshow_transparent\" role=\"button\" data-next-text=\"Pr\u00f3ximo\" style=\"display: none;\"><\/div>\r\n\r\n\t\t<div class=\"slideshow_pagination\" style=\"display: none;\" data-go-to-text=\"Ir para o slide\"><div class=\"slideshow_pagination_center\"><\/div><\/div>\r\n\r\n\t\t<!-- WordPress Slideshow Version 2.3.1 -->\r\n\r\n\t\t\t<\/div>\r\n\r\n<\/i><\/p>\n<p>O LAND \u00e9 um dos laborat\u00f3rios de Pesquisa do\u00a0<a href=\"http:\/\/www.icb.usp.br\/~anat\/\" target=\"_blank\" rel=\"noopener noreferrer\">Departamento de Anatomia<\/a>\u00a0do\u00a0<a href=\"https:\/\/ww2.icb.usp.br\/icb\/\" target=\"_blank\" rel=\"noopener noreferrer\">Instituto de Ci\u00eancias Biom\u00e9dicas<\/a>\u00a0da\u00a0\u00a0<a href=\"http:\/\/www5.usp.br\/\" target=\"_blank\" rel=\"noopener noreferrer\">Universidade de S\u00e3o Paulo<\/a>. \u00a0O seu objetivo principal \u00e9 investigar os aspectos neuroanat\u00f4micos da fisiopatologia da dor em diferentes modelos comportamentais. Ainda, avaliar o poss\u00edvel papel de terapias n\u00e3o farmacol\u00f3gicas como uma forma de melhora no tratamento convencional, observando poss\u00edveis altera\u00e7\u00f5es das c\u00e9lulas gliais, citocinas, \u00f3xido n\u00edtrico e diversos mediadores inflamat\u00f3rios, correlacionando com modelos comportamentais nociceptivos ap\u00f3s les\u00e3o aguda e\/ou cr\u00f4nica do m\u00fasculo gastrocn\u00eamio e nervo isqui\u00e1tico. <\/p>\n<p><\/p>\n<p><a href=\"http:\/\/sites.usp.br\/land\/wp-content\/uploads\/sites\/343\/2017\/11\/cropped-LOGO-PARA-SITE-PRONTO-1.png\"><img fetchpriority=\"high\" decoding=\"async\" class=\"aligncenter wp-image-342\" src=\"http:\/\/sites.usp.br\/land\/wp-content\/uploads\/sites\/343\/2017\/11\/cropped-LOGO-PARA-SITE-PRONTO-1-150x150.png\" alt=\"\" width=\"309\" height=\"309\" srcset=\"https:\/\/land.icb.usp.br\/wp-content\/uploads\/sites\/343\/2017\/11\/cropped-LOGO-PARA-SITE-PRONTO-1-150x150.png 150w, https:\/\/land.icb.usp.br\/wp-content\/uploads\/sites\/343\/2017\/11\/cropped-LOGO-PARA-SITE-PRONTO-1-45x45.png 45w, https:\/\/land.icb.usp.br\/wp-content\/uploads\/sites\/343\/2017\/11\/cropped-LOGO-PARA-SITE-PRONTO-1-200x200.png 200w\" sizes=\"(max-width: 309px) 100vw, 309px\" \/><\/a><\/p>","protected":false},"excerpt":{"rendered":"<p>O LAND \u00e9 um dos laborat\u00f3rios de Pesquisa do\u00a0Departamento de Anatomia\u00a0do\u00a0Instituto de Ci\u00eancias Biom\u00e9dicas\u00a0da\u00a0\u00a0Universidade de S\u00e3o Paulo. \u00a0O seu objetivo principal \u00e9 investigar os aspectos neuroanat\u00f4micos da fisiopatologia da dor em diferentes modelos comportamentais. Ainda, avaliar o poss\u00edvel papel de terapias n\u00e3o farmacol\u00f3gicas como uma forma de melhora no tratamento convencional, observando poss\u00edveis altera\u00e7\u00f5es das<a href=\"https:\/\/land.icb.usp.br\/pb\/pagina-inicial\/\">[&#8230;]<\/a><\/p>\n","protected":false},"author":1,"featured_media":0,"parent":0,"menu_order":0,"comment_status":"closed","ping_status":"closed","template":"","meta":{"footnotes":"","_links_to":"","_links_to_target":""},"class_list":["post-79","page","type-page","status-publish","hentry"],"_links":{"self":[{"href":"https:\/\/land.icb.usp.br\/pb\/wp-json\/wp\/v2\/pages\/79","targetHints":{"allow":["GET"]}}],"collection":[{"href":"https:\/\/land.icb.usp.br\/pb\/wp-json\/wp\/v2\/pages"}],"about":[{"href":"https:\/\/land.icb.usp.br\/pb\/wp-json\/wp\/v2\/types\/page"}],"author":[{"embeddable":true,"href":"https:\/\/land.icb.usp.br\/pb\/wp-json\/wp\/v2\/users\/1"}],"replies":[{"embeddable":true,"href":"https:\/\/land.icb.usp.br\/pb\/wp-json\/wp\/v2\/comments?post=79"}],"version-history":[{"count":4,"href":"https:\/\/land.icb.usp.br\/pb\/wp-json\/wp\/v2\/pages\/79\/revisions"}],"predecessor-version":[{"id":1509,"href":"https:\/\/land.icb.usp.br\/pb\/wp-json\/wp\/v2\/pages\/79\/revisions\/1509"}],"wp:attachment":[{"href":"https:\/\/land.icb.usp.br\/pb\/wp-json\/wp\/v2\/media?parent=79"}],"curies":[{"name":"wp","href":"https:\/\/api.w.org\/{rel}","templated":true}]}}